{"id":349,"date":"2025-12-10T10:03:06","date_gmt":"2025-12-10T09:03:06","guid":{"rendered":"https:\/\/chloemakeupnails.fr\/?page_id=349"},"modified":"2025-12-30T12:38:02","modified_gmt":"2025-12-30T11:38:02","slug":"mentions-legales","status":"publish","type":"page","link":"https:\/\/chloemakeupnails.fr\/index.php\/mentions-legales\/","title":{"rendered":"Mentions L\u00e9gales"},"content":{"rendered":"\n<p>Propri\u00e9taire du site<\/p>\n\n\n\n<p>Chlo\u00e9 Templeraud<\/p>\n\n\n\n<p>Adresse : 42 rue Sidney Bechet<\/p>\n\n\n\n<p>E-mail : templeraudchloe27@gmail.com<\/p>\n\n\n\n<p>Statut : Auto-entrepreneuse<\/p>\n\n\n\n<p>SIRET : 988 630 687 00016<\/p>\n\n\n\n<p>Activit\u00e9 : Maquillage, beaut\u00e9, proth\u00e9sie ongulaire<\/p>\n\n\n\n<p>Responsable de publication : Chlo\u00e9 Templeraud<\/p>\n\n\n\n<p>H\u00e9bergement du site<\/p>\n\n\n\n<p>OVH SAS<\/p>\n\n\n\n<p>2 rue Kellermann<\/p>\n\n\n\n<p>59053 Roubaix Cedex 1 \u2013 France<\/p>\n\n\n\n<p>Site : www.ovh.com<\/p>\n\n\n\n<p>Nom de domaine<\/p>\n\n\n\n<p>chloemakeupnails.fr<\/p>\n\n\n\n<p>Propri\u00e9t\u00e9 intellectuelle<\/p>\n\n\n\n<p>Tous les contenus pr\u00e9sents sur ce site (textes, photos, logos, \u00e9l\u00e9ments graphiques) sont la propri\u00e9t\u00e9 exclusive de Chlo\u00e9 Templeraud, sauf mention contraire.<\/p>\n\n\n\n<p>Toute reproduction est interdite sans autorisation pr\u00e9alable.<\/p>\n\n\n\n<p>Responsabilit\u00e9<\/p>\n\n\n\n<p>La propri\u00e9taire du site ne peut \u00eatre tenue responsable en cas d\u2019erreurs, d\u2019interruptions ou de probl\u00e8mes techniques.<\/p>\n\n\n\n<p>L\u2019utilisation du site se fait sous la seule responsabilit\u00e9 de l\u2019utilisateur.<\/p>\n","protected":false},"excerpt":{"rendered":"<p>Propri\u00e9taire du site Chlo\u00e9 Templeraud Adresse : 42 rue Sidney Bechet E-mail : templeraudchloe27@gmail.com Statut : Auto-entrepreneuse SIRET : 988 630 687 00016 Activit\u00e9 : Maquillage, beaut\u00e9, proth\u00e9sie ongulaire Responsable de publication : Chlo\u00e9 Templeraud H\u00e9bergement du site OVH SAS 2 rue Kellermann 59053 Roubaix Cedex 1 \u2013 France Site : www.ovh.com Nom de domaine [&hellip;]<\/p>\n","protected":false},"author":4,"featured_media":0,"parent":0,"menu_order":0,"comment_status":"closed","ping_status":"closed","template":"","meta":{"footnotes":""},"class_list":["post-349","page","type-page","status-publish","hentry"],"yoast_head":"<!-- This site is optimized with the Yoast SEO plugin v26.7 - https:\/\/yoast.com\/wordpress\/plugins\/seo\/ -->\n<title>Mentions L\u00e9gales - Chlo\u00e9 Templeraud : Makeup &amp; nails<\/title>\n<meta name=\"robots\" content=\"index, follow, max-snippet:-1, max-image-preview:large, max-video-preview:-1\" \/>\n<link rel=\"canonical\" href=\"https:\/\/chloemakeupnails.fr\/index.php\/mentions-legales\/\" \/>\n<meta property=\"og:locale\" content=\"fr_FR\" \/>\n<meta property=\"og:type\" content=\"article\" \/>\n<meta property=\"og:title\" content=\"Mentions L\u00e9gales - Chlo\u00e9 Templeraud : Makeup &amp; nails\" \/>\n<meta property=\"og:description\" content=\"Propri\u00e9taire du site Chlo\u00e9 Templeraud Adresse : 42 rue Sidney Bechet E-mail : templeraudchloe27@gmail.com Statut : Auto-entrepreneuse SIRET : 988 630 687 00016 Activit\u00e9 : Maquillage, beaut\u00e9, proth\u00e9sie ongulaire Responsable de publication : Chlo\u00e9 Templeraud H\u00e9bergement du site OVH SAS 2 rue Kellermann 59053 Roubaix Cedex 1 \u2013 France Site : www.ovh.com Nom de domaine [&hellip;]\" \/>\n<meta property=\"og:url\" content=\"https:\/\/chloemakeupnails.fr\/index.php\/mentions-legales\/\" \/>\n<meta property=\"og:site_name\" content=\"Chlo\u00e9 Templeraud : Makeup &amp; nails\" \/>\n<meta property=\"article:publisher\" content=\"https:\/\/www.facebook.com\/profile.php?id=100020779029136\" \/>\n<meta property=\"article:modified_time\" content=\"2025-12-30T11:38:02+00:00\" \/>\n<meta name=\"twitter:card\" content=\"summary_large_image\" \/>\n<meta name=\"twitter:label1\" content=\"Dur\u00e9e de lecture estim\u00e9e\" \/>\n\t<meta name=\"twitter:data1\" content=\"1 minute\" \/>\n<script type=\"application\/ld+json\" class=\"yoast-schema-graph\">{\"@context\":\"https:\/\/schema.org\",\"@graph\":[{\"@type\":\"WebPage\",\"@id\":\"https:\/\/chloemakeupnails.fr\/index.php\/mentions-legales\/\",\"url\":\"https:\/\/chloemakeupnails.fr\/index.php\/mentions-legales\/\",\"name\":\"Mentions L\u00e9gales - Chlo\u00e9 Templeraud : Makeup &amp; nails\",\"isPartOf\":{\"@id\":\"https:\/\/chloemakeupnails.fr\/#website\"},\"datePublished\":\"2025-12-10T09:03:06+00:00\",\"dateModified\":\"2025-12-30T11:38:02+00:00\",\"breadcrumb\":{\"@id\":\"https:\/\/chloemakeupnails.fr\/index.php\/mentions-legales\/#breadcrumb\"},\"inLanguage\":\"fr-FR\",\"potentialAction\":[{\"@type\":\"ReadAction\",\"target\":[\"https:\/\/chloemakeupnails.fr\/index.php\/mentions-legales\/\"]}]},{\"@type\":\"BreadcrumbList\",\"@id\":\"https:\/\/chloemakeupnails.fr\/index.php\/mentions-legales\/#breadcrumb\",\"itemListElement\":[{\"@type\":\"ListItem\",\"position\":1,\"name\":\"Accueil\",\"item\":\"https:\/\/chloemakeupnails.fr\/\"},{\"@type\":\"ListItem\",\"position\":2,\"name\":\"Mentions L\u00e9gales\"}]},{\"@type\":\"WebSite\",\"@id\":\"https:\/\/chloemakeupnails.fr\/#website\",\"url\":\"https:\/\/chloemakeupnails.fr\/\",\"name\":\"Chlo\u00e9 Templeraud : Makeup & nails\",\"description\":\"Makeup and Nails, Mariage, TV, \u00c9v\u00e9nementiel, Tournage pour les Pays-de-la-Loire et l&#039;\u00cele-de-France\",\"publisher\":{\"@id\":\"https:\/\/chloemakeupnails.fr\/#\/schema\/person\/1d85045a0541b6cf16480280d2184154\"},\"potentialAction\":[{\"@type\":\"SearchAction\",\"target\":{\"@type\":\"EntryPoint\",\"urlTemplate\":\"https:\/\/chloemakeupnails.fr\/?s={search_term_string}\"},\"query-input\":{\"@type\":\"PropertyValueSpecification\",\"valueRequired\":true,\"valueName\":\"search_term_string\"}}],\"inLanguage\":\"fr-FR\"},{\"@type\":[\"Person\",\"Organization\"],\"@id\":\"https:\/\/chloemakeupnails.fr\/#\/schema\/person\/1d85045a0541b6cf16480280d2184154\",\"name\":\"Chlo\u00e9 Templeraud\",\"image\":{\"@type\":\"ImageObject\",\"inLanguage\":\"fr-FR\",\"@id\":\"https:\/\/chloemakeupnails.fr\/#\/schema\/person\/image\/\",\"url\":\"https:\/\/chloemakeupnails.fr\/wp-content\/uploads\/2025\/08\/cropped-chloetempleraud-selfie-edited.jpg\",\"contentUrl\":\"https:\/\/chloemakeupnails.fr\/wp-content\/uploads\/2025\/08\/cropped-chloetempleraud-selfie-edited.jpg\",\"width\":512,\"height\":512,\"caption\":\"Chlo\u00e9 Templeraud\"},\"logo\":{\"@id\":\"https:\/\/chloemakeupnails.fr\/#\/schema\/person\/image\/\"},\"sameAs\":[\"http:\/\/chloemakeupnails.fr\",\"https:\/\/www.facebook.com\/profile.php?id=100020779029136\",\"https:\/\/www.instagram.com\/chloemakeup_nails\/\"]}]}<\/script>\n<!-- \/ Yoast SEO plugin. -->","yoast_head_json":{"title":"Mentions L\u00e9gales - Chlo\u00e9 Templeraud : Makeup &amp; nails","robots":{"index":"index","follow":"follow","max-snippet":"max-snippet:-1","max-image-preview":"max-image-preview:large","max-video-preview":"max-video-preview:-1"},"canonical":"https:\/\/chloemakeupnails.fr\/index.php\/mentions-legales\/","og_locale":"fr_FR","og_type":"article","og_title":"Mentions L\u00e9gales - Chlo\u00e9 Templeraud : Makeup &amp; nails","og_description":"Propri\u00e9taire du site Chlo\u00e9 Templeraud Adresse : 42 rue Sidney Bechet E-mail : templeraudchloe27@gmail.com Statut : Auto-entrepreneuse SIRET : 988 630 687 00016 Activit\u00e9 : Maquillage, beaut\u00e9, proth\u00e9sie ongulaire Responsable de publication : Chlo\u00e9 Templeraud H\u00e9bergement du site OVH SAS 2 rue Kellermann 59053 Roubaix Cedex 1 \u2013 France Site : www.ovh.com Nom de domaine [&hellip;]","og_url":"https:\/\/chloemakeupnails.fr\/index.php\/mentions-legales\/","og_site_name":"Chlo\u00e9 Templeraud : Makeup &amp; nails","article_publisher":"https:\/\/www.facebook.com\/profile.php?id=100020779029136","article_modified_time":"2025-12-30T11:38:02+00:00","twitter_card":"summary_large_image","twitter_misc":{"Dur\u00e9e de lecture estim\u00e9e":"1 minute"},"schema":{"@context":"https:\/\/schema.org","@graph":[{"@type":"WebPage","@id":"https:\/\/chloemakeupnails.fr\/index.php\/mentions-legales\/","url":"https:\/\/chloemakeupnails.fr\/index.php\/mentions-legales\/","name":"Mentions L\u00e9gales - Chlo\u00e9 Templeraud : Makeup &amp; nails","isPartOf":{"@id":"https:\/\/chloemakeupnails.fr\/#website"},"datePublished":"2025-12-10T09:03:06+00:00","dateModified":"2025-12-30T11:38:02+00:00","breadcrumb":{"@id":"https:\/\/chloemakeupnails.fr\/index.php\/mentions-legales\/#breadcrumb"},"inLanguage":"fr-FR","potentialAction":[{"@type":"ReadAction","target":["https:\/\/chloemakeupnails.fr\/index.php\/mentions-legales\/"]}]},{"@type":"BreadcrumbList","@id":"https:\/\/chloemakeupnails.fr\/index.php\/mentions-legales\/#breadcrumb","itemListElement":[{"@type":"ListItem","position":1,"name":"Accueil","item":"https:\/\/chloemakeupnails.fr\/"},{"@type":"ListItem","position":2,"name":"Mentions L\u00e9gales"}]},{"@type":"WebSite","@id":"https:\/\/chloemakeupnails.fr\/#website","url":"https:\/\/chloemakeupnails.fr\/","name":"Chlo\u00e9 Templeraud : Makeup & nails","description":"Makeup and Nails, Mariage, TV, \u00c9v\u00e9nementiel, Tournage pour les Pays-de-la-Loire et l&#039;\u00cele-de-France","publisher":{"@id":"https:\/\/chloemakeupnails.fr\/#\/schema\/person\/1d85045a0541b6cf16480280d2184154"},"potentialAction":[{"@type":"SearchAction","target":{"@type":"EntryPoint","urlTemplate":"https:\/\/chloemakeupnails.fr\/?s={search_term_string}"},"query-input":{"@type":"PropertyValueSpecification","valueRequired":true,"valueName":"search_term_string"}}],"inLanguage":"fr-FR"},{"@type":["Person","Organization"],"@id":"https:\/\/chloemakeupnails.fr\/#\/schema\/person\/1d85045a0541b6cf16480280d2184154","name":"Chlo\u00e9 Templeraud","image":{"@type":"ImageObject","inLanguage":"fr-FR","@id":"https:\/\/chloemakeupnails.fr\/#\/schema\/person\/image\/","url":"https:\/\/chloemakeupnails.fr\/wp-content\/uploads\/2025\/08\/cropped-chloetempleraud-selfie-edited.jpg","contentUrl":"https:\/\/chloemakeupnails.fr\/wp-content\/uploads\/2025\/08\/cropped-chloetempleraud-selfie-edited.jpg","width":512,"height":512,"caption":"Chlo\u00e9 Templeraud"},"logo":{"@id":"https:\/\/chloemakeupnails.fr\/#\/schema\/person\/image\/"},"sameAs":["http:\/\/chloemakeupnails.fr","https:\/\/www.facebook.com\/profile.php?id=100020779029136","https:\/\/www.instagram.com\/chloemakeup_nails\/"]}]}},"_links":{"self":[{"href":"https:\/\/chloemakeupnails.fr\/index.php\/wp-json\/wp\/v2\/pages\/349","targetHints":{"allow":["GET"]}}],"collection":[{"href":"https:\/\/chloemakeupnails.fr\/index.php\/wp-json\/wp\/v2\/pages"}],"about":[{"href":"https:\/\/chloemakeupnails.fr\/index.php\/wp-json\/wp\/v2\/types\/page"}],"author":[{"embeddable":true,"href":"https:\/\/chloemakeupnails.fr\/index.php\/wp-json\/wp\/v2\/users\/4"}],"replies":[{"embeddable":true,"href":"https:\/\/chloemakeupnails.fr\/index.php\/wp-json\/wp\/v2\/comments?post=349"}],"version-history":[{"count":1,"href":"https:\/\/chloemakeupnails.fr\/index.php\/wp-json\/wp\/v2\/pages\/349\/revisions"}],"predecessor-version":[{"id":350,"href":"https:\/\/chloemakeupnails.fr\/index.php\/wp-json\/wp\/v2\/pages\/349\/revisions\/350"}],"wp:attachment":[{"href":"https:\/\/chloemakeupnails.fr\/index.php\/wp-json\/wp\/v2\/media?parent=349"}],"curies":[{"name":"wp","href":"https:\/\/api.w.org\/{rel}","templated":true}]}}