{"id":20,"date":"2025-06-19T20:15:07","date_gmt":"2025-06-19T18:15:07","guid":{"rendered":"https:\/\/aisbc9a1293cpinkwolf.wordpress.com\/contact\/"},"modified":"2026-02-28T13:15:37","modified_gmt":"2026-02-28T12:15:37","slug":"contact","status":"publish","type":"page","link":"https:\/\/chloemakeupnails.fr\/index.php\/contact\/","title":{"rendered":"Contact"},"content":{"rendered":"\n<div class=\"wp-block-group alignfull is-style-section-default is-layout-flow wp-container-core-group-is-layout-650f488a wp-block-group-is-layout-flow\" id=\"page-title-section\" style=\"margin-top:0;margin-bottom:0;padding-top:var(--wp--preset--spacing--30);padding-bottom:var(--wp--preset--spacing--30)\">\n<div class=\"wp-block-columns is-layout-flex wp-container-core-columns-is-layout-28f84493 wp-block-columns-is-layout-flex\">\n<div class=\"wp-block-column is-layout-flow wp-block-column-is-layout-flow\" style=\"padding-right:var(--wp--preset--spacing--50);padding-left:var(--wp--preset--spacing--50)\">\n<div class=\"wp-block-columns is-layout-flex wp-container-core-columns-is-layout-28f84493 wp-block-columns-is-layout-flex\">\n<div class=\"wp-block-column is-layout-flow wp-block-column-is-layout-flow\">\n<figure class=\"wp-block-gallery has-nested-images columns-2 is-cropped wp-block-gallery-1 is-layout-flex wp-block-gallery-is-layout-flex\">\n<figure class=\"wp-block-image size-full\"><img loading=\"lazy\" decoding=\"async\" width=\"640\" height=\"800\" data-id=\"104\" src=\"https:\/\/chloemakeupnails.fr\/wp-content\/uploads\/2025\/07\/photo-rubrique-makeup.jpeg\" alt=\"\" class=\"wp-image-104\" srcset=\"https:\/\/chloemakeupnails.fr\/wp-content\/uploads\/2025\/07\/photo-rubrique-makeup.jpeg 640w, https:\/\/chloemakeupnails.fr\/wp-content\/uploads\/2025\/07\/photo-rubrique-makeup-240x300.jpeg 240w\" sizes=\"auto, (max-width: 640px) 100vw, 640px\" \/><figcaption class=\"wp-element-caption\">Makeup<\/figcaption><\/figure>\n\n\n\n<figure class=\"wp-block-image size-full\"><img loading=\"lazy\" decoding=\"async\" width=\"736\" height=\"944\" data-id=\"82\" src=\"https:\/\/chloemakeupnails.fr\/wp-content\/uploads\/2025\/07\/photo-rubrique-nails.jpg\" alt=\"\" class=\"wp-image-82\" srcset=\"https:\/\/chloemakeupnails.fr\/wp-content\/uploads\/2025\/07\/photo-rubrique-nails.jpg 736w, https:\/\/chloemakeupnails.fr\/wp-content\/uploads\/2025\/07\/photo-rubrique-nails-234x300.jpg 234w\" sizes=\"auto, (max-width: 736px) 100vw, 736px\" \/><figcaption class=\"wp-element-caption\">Nails<\/figcaption><\/figure>\n\n\n\n<figure class=\"wp-block-image size-full\"><img loading=\"lazy\" decoding=\"async\" width=\"503\" height=\"629\" data-id=\"81\" src=\"https:\/\/chloemakeupnails.fr\/wp-content\/uploads\/2025\/07\/photo-rubrique-teinture.jpg\" alt=\"\" class=\"wp-image-81\" srcset=\"https:\/\/chloemakeupnails.fr\/wp-content\/uploads\/2025\/07\/photo-rubrique-teinture.jpg 503w, https:\/\/chloemakeupnails.fr\/wp-content\/uploads\/2025\/07\/photo-rubrique-teinture-240x300.jpg 240w\" sizes=\"auto, (max-width: 503px) 100vw, 503px\" \/><figcaption class=\"wp-element-caption\">Teinture<\/figcaption><\/figure>\n\n\n\n<figure class=\"wp-block-image size-full\"><img loading=\"lazy\" decoding=\"async\" width=\"741\" height=\"637\" data-id=\"90\" src=\"https:\/\/chloemakeupnails.fr\/wp-content\/uploads\/2025\/07\/image4-e1753225961712.jpeg\" alt=\"\" class=\"wp-image-90\" srcset=\"https:\/\/chloemakeupnails.fr\/wp-content\/uploads\/2025\/07\/image4-e1753225961712.jpeg 741w, https:\/\/chloemakeupnails.fr\/wp-content\/uploads\/2025\/07\/image4-e1753225961712-300x258.jpeg 300w\" sizes=\"auto, (max-width: 741px) 100vw, 741px\" \/><figcaption class=\"wp-element-caption\">Makeup<\/figcaption><\/figure>\n<\/figure>\n<\/div>\n\n\n\n<div class=\"wp-block-column is-layout-flow wp-block-column-is-layout-flow\">\n<h4 class=\"wp-block-heading\">Maquillage, onglerie et teinture<\/h4>\n\n\n\n<h2 class=\"wp-block-heading\" style=\"padding-right:0;padding-left:0\">Me contacter pour r\u00e9server \u2728<\/h2>\n\n\n<style id=\"wpforms-css-vars-107-block-d10acdad-550d-4651-aeaa-813213f5c789\">\n\t\t\t\t#wpforms-107.wpforms-block-d10acdad-550d-4651-aeaa-813213f5c789 {\n\t\t\t\t--wpforms-button-border-radius: 0px;\n--wpforms-button-background-color: #110f0f;\n--wpforms-field-size-input-height: 43px;\n--wpforms-field-size-input-spacing: 15px;\n--wpforms-field-size-font-size: 16px;\n--wpforms-field-size-line-height: 19px;\n--wpforms-field-size-padding-h: 14px;\n--wpforms-field-size-checkbox-size: 16px;\n--wpforms-field-size-sublabel-spacing: 5px;\n--wpforms-field-size-icon-size: 1;\n--wpforms-label-size-font-size: 16px;\n--wpforms-label-size-line-height: 19px;\n--wpforms-label-size-sublabel-font-size: 14px;\n--wpforms-label-size-sublabel-line-height: 17px;\n--wpforms-button-size-font-size: 20px;\n--wpforms-button-size-height: 48px;\n--wpforms-button-size-padding-h: 20px;\n--wpforms-button-size-margin-top: 15px;\n\t\t\t}\n\t\t\t<\/style><div class=\"wpforms-container wpforms-container-full wpforms-block wpforms-block-d10acdad-550d-4651-aeaa-813213f5c789 wpforms-render-modern\" id=\"wpforms-107\"><form id=\"wpforms-form-107\" class=\"wpforms-validate wpforms-form wpforms-ajax-form\" data-formid=\"107\" method=\"post\" enctype=\"multipart\/form-data\" action=\"\/index.php\/wp-json\/wp\/v2\/pages\/20\" data-token=\"b3b927cb8383c4468004f5eb34302e83\" data-token-time=\"1775573308\"><noscript class=\"wpforms-error-noscript\">Veuillez activer JavaScript dans votre navigateur pour remplir ce formulaire.<\/noscript><div id=\"wpforms-error-noscript\" style=\"display: none;\">Veuillez activer JavaScript dans votre navigateur pour remplir ce formulaire.<\/div><div class=\"wpforms-field-container\"><div id=\"wpforms-107-field_1-container\" class=\"wpforms-field wpforms-field-name\" data-field-id=\"1\"><label class=\"wpforms-field-label\" for=\"wpforms-107-field_1\">Pr\u00e9nom et nom <span class=\"wpforms-required-label\" aria-hidden=\"true\">*<\/span><\/label><input type=\"text\" id=\"wpforms-107-field_1\" class=\"wpforms-field-medium wpforms-field-required\" name=\"wpforms[fields][1]\" aria-errormessage=\"wpforms-107-field_1-error\" required><\/div><div id=\"wpforms-107-field_2-container\" class=\"wpforms-field wpforms-field-email\" data-field-id=\"2\"><label class=\"wpforms-field-label\" for=\"wpforms-107-field_2\">E-mail <span class=\"wpforms-required-label\" aria-hidden=\"true\">*<\/span><\/label><input type=\"email\" id=\"wpforms-107-field_2\" class=\"wpforms-field-medium wpforms-field-required\" name=\"wpforms[fields][2]\" spellcheck=\"false\" aria-errormessage=\"wpforms-107-field_2-error\" required><\/div>\t\t<div id=\"wpforms-107-field_3-container\"\n\t\t\tclass=\"wpforms-field wpforms-field-text\"\n\t\t\tdata-field-type=\"text\"\n\t\t\tdata-field-id=\"3\"\n\t\t\t>\n\t\t\t<label class=\"wpforms-field-label\" for=\"wpforms-107-field_3\" >Message de E-mail<\/label>\n\t\t\t<input type=\"text\" id=\"wpforms-107-field_3\" class=\"wpforms-field-medium\" name=\"wpforms[fields][3]\" >\n\t\t<\/div>\n\t\t<div id=\"wpforms-107-field_4-container\" class=\"wpforms-field wpforms-field-checkbox wpforms-list-inline\" data-field-id=\"4\"><fieldset><legend class=\"wpforms-field-label\">Cat\u00e9gorie de prestation <span class=\"wpforms-required-label\" aria-hidden=\"true\">*<\/span><\/legend><ul id=\"wpforms-107-field_4\" class=\"wpforms-field-required wpforms-icon-choices wpforms-icon-choices-default wpforms-icon-choices-small\" style=\"--wpforms-icon-choices-color: #ff5cfa;\"><li class=\"choice-3 depth-1 wpforms-icon-choices-item\"><label class=\"wpforms-field-label-inline\" for=\"wpforms-107-field_4_3\">\n\t\t\t\t<span class=\"wpforms-icon-choices-icon\">\n\t\t\t\t\t<svg xmlns=\"http:\/\/www.w3.org\/2000\/svg\" width=\"40\" height=\"32px\" viewBox=\"0 0 512 512\"><!--! Font Awesome Free 6.4.0 by @fontawesome - https:\/\/fontawesome.com License - https:\/\/fontawesome.com\/license\/free (Icons: CC BY 4.0, Fonts: SIL OFL 1.1, Code: MIT License) Copyright 2023 Fonticons, Inc. --><path d=\"M512 256c0 .9 0 1.8 0 2.7c-.4 36.5-33.6 61.3-70.1 61.3H344c-26.5 0-48 21.5-48 48c0 3.4 .4 6.7 1 9.9c2.1 10.2 6.5 20 10.8 29.9c6.1 13.8 12.1 27.5 12.1 42c0 31.8-21.6 60.7-53.4 62c-3.5 .1-7 .2-10.6 .2C114.6 512 0 397.4 0 256S114.6 0 256 0S512 114.6 512 256zM128 288a32 32 0 1 0 -64 0 32 32 0 1 0 64 0zm0-96a32 32 0 1 0 0-64 32 32 0 1 0 0 64zM288 96a32 32 0 1 0 -64 0 32 32 0 1 0 64 0zm96 96a32 32 0 1 0 0-64 32 32 0 1 0 0 64z\"\/><\/svg>\n\t\t\t\t\t<span class=\"wpforms-icon-choices-icon-bg\"><\/span>\n\t\t\t\t<\/span>\n\t\t\t\t<input type=\"checkbox\" id=\"wpforms-107-field_4_3\" class=\"wpforms-screen-reader-element\" name=\"wpforms[fields][4][]\" value=\"Makeup\" aria-errormessage=\"wpforms-107-field_4_3-error\" required >\n\t\t\t\t<span class=\"wpforms-icon-choices-label\">Makeup<\/span>\n\t\t\t<\/label><\/li><li class=\"choice-4 depth-1 wpforms-icon-choices-item\"><label class=\"wpforms-field-label-inline\" for=\"wpforms-107-field_4_4\">\n\t\t\t\t<span class=\"wpforms-icon-choices-icon\">\n\t\t\t\t\t<svg xmlns=\"http:\/\/www.w3.org\/2000\/svg\" width=\"40\" height=\"32px\" viewBox=\"0 0 576 512\"><!--! Font Awesome Free 6.4.0 by @fontawesome - https:\/\/fontawesome.com License - https:\/\/fontawesome.com\/license\/free (Icons: CC BY 4.0, Fonts: SIL OFL 1.1, Code: MIT License) Copyright 2023 Fonticons, Inc. --><path d=\"M339.3 367.1c27.3-3.9 51.9-19.4 67.2-42.9L568.2 74.1c12.6-19.5 9.4-45.3-7.6-61.2S517.7-4.4 499.1 9.6L262.4 187.2c-24 18-38.2 46.1-38.4 76.1L339.3 367.1zm-19.6 25.4l-116-104.4C143.9 290.3 96 339.6 96 400c0 3.9 .2 7.8 .6 11.6C98.4 429.1 86.4 448 68.8 448H64c-17.7 0-32 14.3-32 32s14.3 32 32 32H208c61.9 0 112-50.1 112-112c0-2.5-.1-5-.2-7.5z\"\/><\/svg>\n\t\t\t\t\t<span class=\"wpforms-icon-choices-icon-bg\"><\/span>\n\t\t\t\t<\/span>\n\t\t\t\t<input type=\"checkbox\" id=\"wpforms-107-field_4_4\" class=\"wpforms-screen-reader-element\" name=\"wpforms[fields][4][]\" value=\"Nails\" aria-errormessage=\"wpforms-107-field_4_4-error\" required >\n\t\t\t\t<span class=\"wpforms-icon-choices-label\">Nails<\/span>\n\t\t\t<\/label><\/li><li class=\"choice-1 depth-1 wpforms-icon-choices-item\"><label class=\"wpforms-field-label-inline\" for=\"wpforms-107-field_4_1\">\n\t\t\t\t<span class=\"wpforms-icon-choices-icon\">\n\t\t\t\t\t<svg xmlns=\"http:\/\/www.w3.org\/2000\/svg\" width=\"40\" height=\"32px\" viewBox=\"0 0 512 512\"><!--! Font Awesome Free 6.4.0 by @fontawesome - https:\/\/fontawesome.com License - https:\/\/fontawesome.com\/license\/free (Icons: CC BY 4.0, Fonts: SIL OFL 1.1, Code: MIT License) Copyright 2023 Fonticons, Inc. --><path d=\"M256 192l-39.5-39.5c4.9-12.6 7.5-26.2 7.5-40.5C224 50.1 173.9 0 112 0S0 50.1 0 112s50.1 112 112 112c14.3 0 27.9-2.7 40.5-7.5L192 256l-39.5 39.5c-12.6-4.9-26.2-7.5-40.5-7.5C50.1 288 0 338.1 0 400s50.1 112 112 112s112-50.1 112-112c0-14.3-2.7-27.9-7.5-40.5L499.2 76.8c7.1-7.1 7.1-18.5 0-25.6c-28.3-28.3-74.1-28.3-102.4 0L256 192zm22.6 150.6L396.8 460.8c28.3 28.3 74.1 28.3 102.4 0c7.1-7.1 7.1-18.5 0-25.6L342.6 278.6l-64 64zM64 112a48 48 0 1 1 96 0 48 48 0 1 1 -96 0zm48 240a48 48 0 1 1 0 96 48 48 0 1 1 0-96z\"\/><\/svg>\n\t\t\t\t\t<span class=\"wpforms-icon-choices-icon-bg\"><\/span>\n\t\t\t\t<\/span>\n\t\t\t\t<input type=\"checkbox\" id=\"wpforms-107-field_4_1\" class=\"wpforms-screen-reader-element\" name=\"wpforms[fields][4][]\" value=\"Hair\" aria-errormessage=\"wpforms-107-field_4_1-error\" required >\n\t\t\t\t<span class=\"wpforms-icon-choices-label\">Hair<\/span>\n\t\t\t<\/label><\/li><li class=\"choice-2 depth-1 wpforms-icon-choices-item\"><label class=\"wpforms-field-label-inline\" for=\"wpforms-107-field_4_2\">\n\t\t\t\t<span class=\"wpforms-icon-choices-icon\">\n\t\t\t\t\t<svg xmlns=\"http:\/\/www.w3.org\/2000\/svg\" width=\"40\" height=\"32px\" viewBox=\"0 0 384 512\"><!--! Font Awesome Free 6.4.0 by @fontawesome - https:\/\/fontawesome.com License - https:\/\/fontawesome.com\/license\/free (Icons: CC BY 4.0, Fonts: SIL OFL 1.1, Code: MIT License) Copyright 2023 Fonticons, Inc. --><path d=\"M162.4 6c-1.5-3.6-5-6-8.9-6h-19c-3.9 0-7.5 2.4-8.9 6L104.9 57.7c-3.2 8-14.6 8-17.8 0L66.4 6c-1.5-3.6-5-6-8.9-6H48C21.5 0 0 21.5 0 48V224v22.4V256H9.6 374.4 384v-9.6V224 48c0-26.5-21.5-48-48-48H230.5c-3.9 0-7.5 2.4-8.9 6L200.9 57.7c-3.2 8-14.6 8-17.8 0L162.4 6zM0 288v32c0 35.3 28.7 64 64 64h64v64c0 35.3 28.7 64 64 64s64-28.7 64-64V384h64c35.3 0 64-28.7 64-64V288H0zM192 432a16 16 0 1 1 0 32 16 16 0 1 1 0-32z\"\/><\/svg>\n\t\t\t\t\t<span class=\"wpforms-icon-choices-icon-bg\"><\/span>\n\t\t\t\t<\/span>\n\t\t\t\t<input type=\"checkbox\" id=\"wpforms-107-field_4_2\" class=\"wpforms-screen-reader-element\" name=\"wpforms[fields][4][]\" value=\"Teinture\" aria-errormessage=\"wpforms-107-field_4_2-error\" required >\n\t\t\t\t<span class=\"wpforms-icon-choices-label\">Teinture<\/span>\n\t\t\t<\/label><\/li><\/ul><\/fieldset><\/div><div id=\"wpforms-107-field_5-container\" class=\"wpforms-field wpforms-field-textarea\" data-field-id=\"5\"><label class=\"wpforms-field-label\" for=\"wpforms-107-field_5\">Message<\/label><textarea id=\"wpforms-107-field_5\" class=\"wpforms-field-medium\" name=\"wpforms[fields][5]\" aria-errormessage=\"wpforms-107-field_5-error\" ><\/textarea><\/div><script>\n\t\t\t\t( function() {\n\t\t\t\t\tconst style = document.createElement( 'style' );\n\t\t\t\t\tstyle.appendChild( document.createTextNode( '#wpforms-107-field_3-container { position: absolute !important; overflow: hidden !important; display: inline !important; height: 1px !important; width: 1px !important; z-index: -1000 !important; padding: 0 !important; } #wpforms-107-field_3-container input { visibility: hidden; } #wpforms-conversational-form-page #wpforms-107-field_3-container label { counter-increment: none; }' ) );\n\t\t\t\t\tdocument.head.appendChild( style );\n\t\t\t\t\tdocument.currentScript?.remove();\n\t\t\t\t} )();\n\t\t\t<\/script><\/div><!-- .wpforms-field-container --><div class=\"wpforms-submit-container\" ><input type=\"hidden\" name=\"wpforms[id]\" value=\"107\"><input type=\"hidden\" name=\"page_title\" value=\"\"><input type=\"hidden\" name=\"page_url\" value=\"https:\/\/chloemakeupnails.fr\/index.php\/wp-json\/wp\/v2\/pages\/20\"><input type=\"hidden\" name=\"url_referer\" value=\"\"><button type=\"submit\" name=\"wpforms[submit]\" id=\"wpforms-submit-107\" class=\"wpforms-submit\" data-alt-text=\"Envoi...\" data-submit-text=\"Envoyer\" aria-live=\"assertive\" value=\"wpforms-submit\">Envoyer<\/button><img loading=\"lazy\" decoding=\"async\" src=\"https:\/\/chloemakeupnails.fr\/wp-content\/plugins\/wpforms-lite\/assets\/images\/submit-spin.svg\" class=\"wpforms-submit-spinner\" style=\"display: none;\" width=\"26\" height=\"26\" alt=\"Chargement en cours\"><\/div><\/form><\/div>  <!-- .wpforms-container --><\/div>\n<\/div>\n<\/div>\n<\/div>\n<\/div>\n\n\n\n<p><\/p>\n","protected":false},"excerpt":{"rendered":"<p>Maquillage, onglerie et teinture Me contacter pour r\u00e9server \u2728<\/p>\n","protected":false},"author":1,"featured_media":28,"parent":0,"menu_order":7,"comment_status":"closed","ping_status":"closed","template":"","meta":{"footnotes":""},"class_list":["post-20","page","type-page","status-publish","has-post-thumbnail","hentry"],"yoast_head":"<!-- This site is optimized with the Yoast SEO plugin v26.7 - https:\/\/yoast.com\/wordpress\/plugins\/seo\/ -->\n<title>Contact - Chlo\u00e9 Templeraud : Makeup &amp; nails<\/title>\n<meta name=\"robots\" content=\"index, follow, max-snippet:-1, max-image-preview:large, max-video-preview:-1\" \/>\n<link rel=\"canonical\" href=\"https:\/\/chloemakeupnails.fr\/index.php\/contact\/\" \/>\n<meta property=\"og:locale\" content=\"fr_FR\" \/>\n<meta property=\"og:type\" content=\"article\" \/>\n<meta property=\"og:title\" content=\"Contact - Chlo\u00e9 Templeraud : Makeup &amp; nails\" \/>\n<meta property=\"og:description\" content=\"Maquillage, onglerie et teinture Me contacter pour r\u00e9server \u2728\" \/>\n<meta property=\"og:url\" content=\"https:\/\/chloemakeupnails.fr\/index.php\/contact\/\" \/>\n<meta property=\"og:site_name\" content=\"Chlo\u00e9 Templeraud : Makeup &amp; nails\" \/>\n<meta property=\"article:publisher\" content=\"https:\/\/www.facebook.com\/profile.php?id=100020779029136\" \/>\n<meta property=\"article:modified_time\" content=\"2026-02-28T12:15:37+00:00\" \/>\n<meta property=\"og:image\" content=\"https:\/\/chloemakeupnails.fr\/wp-content\/uploads\/2025\/06\/maquillage-onglerie.png\" \/>\n\t<meta property=\"og:image:width\" content=\"1024\" \/>\n\t<meta property=\"og:image:height\" content=\"1024\" \/>\n\t<meta property=\"og:image:type\" content=\"image\/png\" \/>\n<meta name=\"twitter:card\" content=\"summary_large_image\" \/>\n<meta name=\"twitter:label1\" content=\"Dur\u00e9e de lecture estim\u00e9e\" \/>\n\t<meta name=\"twitter:data1\" content=\"2 minutes\" \/>\n<script type=\"application\/ld+json\" class=\"yoast-schema-graph\">{\"@context\":\"https:\/\/schema.org\",\"@graph\":[{\"@type\":\"WebPage\",\"@id\":\"https:\/\/chloemakeupnails.fr\/index.php\/contact\/\",\"url\":\"https:\/\/chloemakeupnails.fr\/index.php\/contact\/\",\"name\":\"Contact - Chlo\u00e9 Templeraud : Makeup &amp; nails\",\"isPartOf\":{\"@id\":\"https:\/\/chloemakeupnails.fr\/#website\"},\"primaryImageOfPage\":{\"@id\":\"https:\/\/chloemakeupnails.fr\/index.php\/contact\/#primaryimage\"},\"image\":{\"@id\":\"https:\/\/chloemakeupnails.fr\/index.php\/contact\/#primaryimage\"},\"thumbnailUrl\":\"https:\/\/chloemakeupnails.fr\/wp-content\/uploads\/2025\/06\/maquillage-onglerie.png\",\"datePublished\":\"2025-06-19T18:15:07+00:00\",\"dateModified\":\"2026-02-28T12:15:37+00:00\",\"breadcrumb\":{\"@id\":\"https:\/\/chloemakeupnails.fr\/index.php\/contact\/#breadcrumb\"},\"inLanguage\":\"fr-FR\",\"potentialAction\":[{\"@type\":\"ReadAction\",\"target\":[\"https:\/\/chloemakeupnails.fr\/index.php\/contact\/\"]}]},{\"@type\":\"ImageObject\",\"inLanguage\":\"fr-FR\",\"@id\":\"https:\/\/chloemakeupnails.fr\/index.php\/contact\/#primaryimage\",\"url\":\"https:\/\/chloemakeupnails.fr\/wp-content\/uploads\/2025\/06\/maquillage-onglerie.png\",\"contentUrl\":\"https:\/\/chloemakeupnails.fr\/wp-content\/uploads\/2025\/06\/maquillage-onglerie.png\",\"width\":1024,\"height\":1024},{\"@type\":\"BreadcrumbList\",\"@id\":\"https:\/\/chloemakeupnails.fr\/index.php\/contact\/#breadcrumb\",\"itemListElement\":[{\"@type\":\"ListItem\",\"position\":1,\"name\":\"Accueil\",\"item\":\"https:\/\/chloemakeupnails.fr\/\"},{\"@type\":\"ListItem\",\"position\":2,\"name\":\"Contact\"}]},{\"@type\":\"WebSite\",\"@id\":\"https:\/\/chloemakeupnails.fr\/#website\",\"url\":\"https:\/\/chloemakeupnails.fr\/\",\"name\":\"Chlo\u00e9 Templeraud : Makeup & nails\",\"description\":\"Makeup and Nails, Mariage, TV, \u00c9v\u00e9nementiel, Tournage pour les Pays-de-la-Loire et l&#039;\u00cele-de-France\",\"publisher\":{\"@id\":\"https:\/\/chloemakeupnails.fr\/#\/schema\/person\/1d85045a0541b6cf16480280d2184154\"},\"potentialAction\":[{\"@type\":\"SearchAction\",\"target\":{\"@type\":\"EntryPoint\",\"urlTemplate\":\"https:\/\/chloemakeupnails.fr\/?s={search_term_string}\"},\"query-input\":{\"@type\":\"PropertyValueSpecification\",\"valueRequired\":true,\"valueName\":\"search_term_string\"}}],\"inLanguage\":\"fr-FR\"},{\"@type\":[\"Person\",\"Organization\"],\"@id\":\"https:\/\/chloemakeupnails.fr\/#\/schema\/person\/1d85045a0541b6cf16480280d2184154\",\"name\":\"Chlo\u00e9 Templeraud\",\"image\":{\"@type\":\"ImageObject\",\"inLanguage\":\"fr-FR\",\"@id\":\"https:\/\/chloemakeupnails.fr\/#\/schema\/person\/image\/\",\"url\":\"https:\/\/chloemakeupnails.fr\/wp-content\/uploads\/2025\/08\/cropped-chloetempleraud-selfie-edited.jpg\",\"contentUrl\":\"https:\/\/chloemakeupnails.fr\/wp-content\/uploads\/2025\/08\/cropped-chloetempleraud-selfie-edited.jpg\",\"width\":512,\"height\":512,\"caption\":\"Chlo\u00e9 Templeraud\"},\"logo\":{\"@id\":\"https:\/\/chloemakeupnails.fr\/#\/schema\/person\/image\/\"},\"sameAs\":[\"http:\/\/chloemakeupnails.fr\",\"https:\/\/www.facebook.com\/profile.php?id=100020779029136\",\"https:\/\/www.instagram.com\/chloemakeup_nails\/\"]}]}<\/script>\n<!-- \/ Yoast SEO plugin. -->","yoast_head_json":{"title":"Contact - Chlo\u00e9 Templeraud : Makeup &amp; nails","robots":{"index":"index","follow":"follow","max-snippet":"max-snippet:-1","max-image-preview":"max-image-preview:large","max-video-preview":"max-video-preview:-1"},"canonical":"https:\/\/chloemakeupnails.fr\/index.php\/contact\/","og_locale":"fr_FR","og_type":"article","og_title":"Contact - Chlo\u00e9 Templeraud : Makeup &amp; nails","og_description":"Maquillage, onglerie et teinture Me contacter pour r\u00e9server \u2728","og_url":"https:\/\/chloemakeupnails.fr\/index.php\/contact\/","og_site_name":"Chlo\u00e9 Templeraud : Makeup &amp; nails","article_publisher":"https:\/\/www.facebook.com\/profile.php?id=100020779029136","article_modified_time":"2026-02-28T12:15:37+00:00","og_image":[{"width":1024,"height":1024,"url":"https:\/\/chloemakeupnails.fr\/wp-content\/uploads\/2025\/06\/maquillage-onglerie.png","type":"image\/png"}],"twitter_card":"summary_large_image","twitter_misc":{"Dur\u00e9e de lecture estim\u00e9e":"2 minutes"},"schema":{"@context":"https:\/\/schema.org","@graph":[{"@type":"WebPage","@id":"https:\/\/chloemakeupnails.fr\/index.php\/contact\/","url":"https:\/\/chloemakeupnails.fr\/index.php\/contact\/","name":"Contact - Chlo\u00e9 Templeraud : Makeup &amp; nails","isPartOf":{"@id":"https:\/\/chloemakeupnails.fr\/#website"},"primaryImageOfPage":{"@id":"https:\/\/chloemakeupnails.fr\/index.php\/contact\/#primaryimage"},"image":{"@id":"https:\/\/chloemakeupnails.fr\/index.php\/contact\/#primaryimage"},"thumbnailUrl":"https:\/\/chloemakeupnails.fr\/wp-content\/uploads\/2025\/06\/maquillage-onglerie.png","datePublished":"2025-06-19T18:15:07+00:00","dateModified":"2026-02-28T12:15:37+00:00","breadcrumb":{"@id":"https:\/\/chloemakeupnails.fr\/index.php\/contact\/#breadcrumb"},"inLanguage":"fr-FR","potentialAction":[{"@type":"ReadAction","target":["https:\/\/chloemakeupnails.fr\/index.php\/contact\/"]}]},{"@type":"ImageObject","inLanguage":"fr-FR","@id":"https:\/\/chloemakeupnails.fr\/index.php\/contact\/#primaryimage","url":"https:\/\/chloemakeupnails.fr\/wp-content\/uploads\/2025\/06\/maquillage-onglerie.png","contentUrl":"https:\/\/chloemakeupnails.fr\/wp-content\/uploads\/2025\/06\/maquillage-onglerie.png","width":1024,"height":1024},{"@type":"BreadcrumbList","@id":"https:\/\/chloemakeupnails.fr\/index.php\/contact\/#breadcrumb","itemListElement":[{"@type":"ListItem","position":1,"name":"Accueil","item":"https:\/\/chloemakeupnails.fr\/"},{"@type":"ListItem","position":2,"name":"Contact"}]},{"@type":"WebSite","@id":"https:\/\/chloemakeupnails.fr\/#website","url":"https:\/\/chloemakeupnails.fr\/","name":"Chlo\u00e9 Templeraud : Makeup & nails","description":"Makeup and Nails, Mariage, TV, \u00c9v\u00e9nementiel, Tournage pour les Pays-de-la-Loire et l&#039;\u00cele-de-France","publisher":{"@id":"https:\/\/chloemakeupnails.fr\/#\/schema\/person\/1d85045a0541b6cf16480280d2184154"},"potentialAction":[{"@type":"SearchAction","target":{"@type":"EntryPoint","urlTemplate":"https:\/\/chloemakeupnails.fr\/?s={search_term_string}"},"query-input":{"@type":"PropertyValueSpecification","valueRequired":true,"valueName":"search_term_string"}}],"inLanguage":"fr-FR"},{"@type":["Person","Organization"],"@id":"https:\/\/chloemakeupnails.fr\/#\/schema\/person\/1d85045a0541b6cf16480280d2184154","name":"Chlo\u00e9 Templeraud","image":{"@type":"ImageObject","inLanguage":"fr-FR","@id":"https:\/\/chloemakeupnails.fr\/#\/schema\/person\/image\/","url":"https:\/\/chloemakeupnails.fr\/wp-content\/uploads\/2025\/08\/cropped-chloetempleraud-selfie-edited.jpg","contentUrl":"https:\/\/chloemakeupnails.fr\/wp-content\/uploads\/2025\/08\/cropped-chloetempleraud-selfie-edited.jpg","width":512,"height":512,"caption":"Chlo\u00e9 Templeraud"},"logo":{"@id":"https:\/\/chloemakeupnails.fr\/#\/schema\/person\/image\/"},"sameAs":["http:\/\/chloemakeupnails.fr","https:\/\/www.facebook.com\/profile.php?id=100020779029136","https:\/\/www.instagram.com\/chloemakeup_nails\/"]}]}},"_links":{"self":[{"href":"https:\/\/chloemakeupnails.fr\/index.php\/wp-json\/wp\/v2\/pages\/20","targetHints":{"allow":["GET"]}}],"collection":[{"href":"https:\/\/chloemakeupnails.fr\/index.php\/wp-json\/wp\/v2\/pages"}],"about":[{"href":"https:\/\/chloemakeupnails.fr\/index.php\/wp-json\/wp\/v2\/types\/page"}],"author":[{"embeddable":true,"href":"https:\/\/chloemakeupnails.fr\/index.php\/wp-json\/wp\/v2\/users\/1"}],"replies":[{"embeddable":true,"href":"https:\/\/chloemakeupnails.fr\/index.php\/wp-json\/wp\/v2\/comments?post=20"}],"version-history":[{"count":11,"href":"https:\/\/chloemakeupnails.fr\/index.php\/wp-json\/wp\/v2\/pages\/20\/revisions"}],"predecessor-version":[{"id":477,"href":"https:\/\/chloemakeupnails.fr\/index.php\/wp-json\/wp\/v2\/pages\/20\/revisions\/477"}],"wp:featuredmedia":[{"embeddable":true,"href":"https:\/\/chloemakeupnails.fr\/index.php\/wp-json\/wp\/v2\/media\/28"}],"wp:attachment":[{"href":"https:\/\/chloemakeupnails.fr\/index.php\/wp-json\/wp\/v2\/media?parent=20"}],"curies":[{"name":"wp","href":"https:\/\/api.w.org\/{rel}","templated":true}]}}