{"id":19,"date":"2025-06-19T20:15:07","date_gmt":"2025-06-19T18:15:07","guid":{"rendered":"https:\/\/aisbc9a1293cpinkwolf.wordpress.com\/mon-book\/"},"modified":"2025-12-30T12:41:17","modified_gmt":"2025-12-30T11:41:17","slug":"mon-book","status":"publish","type":"page","link":"https:\/\/chloemakeupnails.fr\/index.php\/mon-book\/","title":{"rendered":"Galerie"},"content":{"rendered":"\n<div class=\"wp-block-group alignfull is-style-section-default has-global-padding is-content-justification-center is-layout-constrained wp-block-group-is-layout-constrained\" id=\"page-title-section\" style=\"margin-top:0;margin-bottom:0;padding-top:var(--wp--preset--spacing--40);padding-bottom:var(--wp--preset--spacing--40)\">\n<div class=\"wp-block-columns alignwide are-vertically-aligned-center is-layout-flex wp-container-core-columns-is-layout-87beb0d0 wp-block-columns-is-layout-flex\">\n<div class=\"wp-block-column is-vertically-aligned-center is-layout-flow wp-block-column-is-layout-flow\">\n<figure class=\"wp-block-image size-full has-custom-border\" style=\"margin-right:var(--wp--preset--spacing--40);margin-left:var(--wp--preset--spacing--40)\"><img loading=\"lazy\" decoding=\"async\" width=\"718\" height=\"408\" src=\"http:\/\/chloemakeupnails.fr\/wp-content\/uploads\/2025\/07\/chloemakeupnails-logo.jpg\" alt=\"\" class=\"wp-image-70\" style=\"border-width:10px;aspect-ratio:16\/9;object-fit:cover\" srcset=\"https:\/\/chloemakeupnails.fr\/wp-content\/uploads\/2025\/07\/chloemakeupnails-logo.jpg 718w, https:\/\/chloemakeupnails.fr\/wp-content\/uploads\/2025\/07\/chloemakeupnails-logo-300x170.jpg 300w\" sizes=\"auto, (max-width: 718px) 100vw, 718px\" \/><\/figure>\n<\/div>\n\n\n\n<div class=\"wp-block-column is-vertically-aligned-center is-layout-flow wp-block-column-is-layout-flow\">\n<h2 class=\"wp-block-heading has-xx-large-font-size\">Galerie de maquillage et de manucure<\/h2>\n\n\n\n<p class=\"has-medium-font-size\">D\u00e9couvrez mes r\u00e9alisations en maquillage et onglerie, mettant en valeur des styles divers pour chaque occasion, afin de vous inspirer et de vous assurer un r\u00e9sultat professionnel.<\/p>\n<\/div>\n<\/div>\n<\/div>\n\n\n\n<div class=\"wp-block-group alignfull is-style-section-default has-global-padding is-content-justification-center is-layout-constrained wp-block-group-is-layout-constrained\" id=\"page-title-section\" style=\"margin-top:0;margin-bottom:0;padding-top:var(--wp--preset--spacing--40);padding-bottom:var(--wp--preset--spacing--40)\">\n<div class=\"wp-block-columns alignwide is-layout-flex wp-container-core-columns-is-layout-08c01c1c wp-block-columns-is-layout-flex\">\n<div class=\"wp-block-column is-layout-flow wp-block-column-is-layout-flow\">\n<figure class=\"wp-block-gallery has-nested-images columns-default is-cropped wp-block-gallery-1 is-layout-flex wp-block-gallery-is-layout-flex\">\n<figure class=\"wp-block-image size-full\"><img loading=\"lazy\" decoding=\"async\" width=\"640\" height=\"800\" data-id=\"319\" src=\"https:\/\/chloemakeupnails.fr\/wp-content\/uploads\/2025\/08\/3F617B68-0318-45B0-A29D-6A924C6F1459.jpeg\" alt=\"\" class=\"wp-image-319\" srcset=\"https:\/\/chloemakeupnails.fr\/wp-content\/uploads\/2025\/08\/3F617B68-0318-45B0-A29D-6A924C6F1459.jpeg 640w, https:\/\/chloemakeupnails.fr\/wp-content\/uploads\/2025\/08\/3F617B68-0318-45B0-A29D-6A924C6F1459-240x300.jpeg 240w\" sizes=\"auto, (max-width: 640px) 100vw, 640px\" \/><\/figure>\n\n\n\n<figure class=\"wp-block-image size-large\"><img loading=\"lazy\" decoding=\"async\" width=\"819\" height=\"1024\" data-id=\"86\" src=\"https:\/\/chloemakeupnails.fr\/wp-content\/uploads\/2025\/07\/image0-819x1024.jpeg\" alt=\"\" class=\"wp-image-86\" srcset=\"https:\/\/chloemakeupnails.fr\/wp-content\/uploads\/2025\/07\/image0-819x1024.jpeg 819w, https:\/\/chloemakeupnails.fr\/wp-content\/uploads\/2025\/07\/image0-240x300.jpeg 240w, https:\/\/chloemakeupnails.fr\/wp-content\/uploads\/2025\/07\/image0-768x960.jpeg 768w, https:\/\/chloemakeupnails.fr\/wp-content\/uploads\/2025\/07\/image0.jpeg 828w\" sizes=\"auto, (max-width: 819px) 100vw, 819px\" \/><\/figure>\n\n\n\n<figure class=\"wp-block-image size-large\"><img loading=\"lazy\" decoding=\"async\" width=\"742\" height=\"1024\" data-id=\"88\" src=\"https:\/\/chloemakeupnails.fr\/wp-content\/uploads\/2025\/07\/image2-742x1024.png\" alt=\"\" class=\"wp-image-88\" srcset=\"https:\/\/chloemakeupnails.fr\/wp-content\/uploads\/2025\/07\/image2-742x1024.png 742w, https:\/\/chloemakeupnails.fr\/wp-content\/uploads\/2025\/07\/image2-217x300.png 217w, https:\/\/chloemakeupnails.fr\/wp-content\/uploads\/2025\/07\/image2-768x1060.png 768w, https:\/\/chloemakeupnails.fr\/wp-content\/uploads\/2025\/07\/image2.png 828w\" sizes=\"auto, (max-width: 742px) 100vw, 742px\" \/><\/figure>\n\n\n\n<figure class=\"wp-block-image size-large\"><img loading=\"lazy\" decoding=\"async\" width=\"741\" height=\"637\" data-id=\"90\" src=\"https:\/\/chloemakeupnails.fr\/wp-content\/uploads\/2025\/07\/image4-e1753225961712.jpeg\" alt=\"\" class=\"wp-image-90\" srcset=\"https:\/\/chloemakeupnails.fr\/wp-content\/uploads\/2025\/07\/image4-e1753225961712.jpeg 741w, https:\/\/chloemakeupnails.fr\/wp-content\/uploads\/2025\/07\/image4-e1753225961712-300x258.jpeg 300w\" sizes=\"auto, (max-width: 741px) 100vw, 741px\" \/><\/figure>\n\n\n\n<figure class=\"wp-block-image size-large\"><img loading=\"lazy\" decoding=\"async\" width=\"820\" height=\"1024\" data-id=\"89\" src=\"https:\/\/chloemakeupnails.fr\/wp-content\/uploads\/2025\/07\/image3-820x1024.jpeg\" alt=\"\" class=\"wp-image-89\" srcset=\"https:\/\/chloemakeupnails.fr\/wp-content\/uploads\/2025\/07\/image3-820x1024.jpeg 820w, https:\/\/chloemakeupnails.fr\/wp-content\/uploads\/2025\/07\/image3-240x300.jpeg 240w, https:\/\/chloemakeupnails.fr\/wp-content\/uploads\/2025\/07\/image3-768x959.jpeg 768w, https:\/\/chloemakeupnails.fr\/wp-content\/uploads\/2025\/07\/image3.jpeg 827w\" sizes=\"auto, (max-width: 820px) 100vw, 820px\" \/><\/figure>\n\n\n\n<figure class=\"wp-block-image size-large\"><img loading=\"lazy\" decoding=\"async\" width=\"819\" height=\"1024\" data-id=\"93\" src=\"https:\/\/chloemakeupnails.fr\/wp-content\/uploads\/2025\/07\/image7-819x1024.jpeg\" alt=\"\" class=\"wp-image-93\" srcset=\"https:\/\/chloemakeupnails.fr\/wp-content\/uploads\/2025\/07\/image7-819x1024.jpeg 819w, https:\/\/chloemakeupnails.fr\/wp-content\/uploads\/2025\/07\/image7-240x300.jpeg 240w, https:\/\/chloemakeupnails.fr\/wp-content\/uploads\/2025\/07\/image7-768x960.jpeg 768w, https:\/\/chloemakeupnails.fr\/wp-content\/uploads\/2025\/07\/image7.jpeg 828w\" sizes=\"auto, (max-width: 819px) 100vw, 819px\" \/><\/figure>\n\n\n\n<figure class=\"wp-block-image size-large\"><img loading=\"lazy\" decoding=\"async\" width=\"768\" height=\"1024\" data-id=\"334\" src=\"https:\/\/chloemakeupnails.fr\/wp-content\/uploads\/2025\/08\/Shooting-inspi-857-1-768x1024.jpg\" alt=\"\" class=\"wp-image-334\" srcset=\"https:\/\/chloemakeupnails.fr\/wp-content\/uploads\/2025\/08\/Shooting-inspi-857-1-768x1024.jpg 768w, https:\/\/chloemakeupnails.fr\/wp-content\/uploads\/2025\/08\/Shooting-inspi-857-1-225x300.jpg 225w, https:\/\/chloemakeupnails.fr\/wp-content\/uploads\/2025\/08\/Shooting-inspi-857-1-1152x1536.jpg 1152w, https:\/\/chloemakeupnails.fr\/wp-content\/uploads\/2025\/08\/Shooting-inspi-857-1-1536x2048.jpg 1536w, https:\/\/chloemakeupnails.fr\/wp-content\/uploads\/2025\/08\/Shooting-inspi-857-1-scaled.jpg 1920w\" sizes=\"auto, (max-width: 768px) 100vw, 768px\" \/><\/figure>\n<\/figure>\n<\/div>\n\n\n\n<div class=\"wp-block-column is-layout-flow wp-block-column-is-layout-flow\">\n<figure class=\"wp-block-gallery has-nested-images columns-default is-cropped wp-block-gallery-2 is-layout-flex wp-block-gallery-is-layout-flex\">\n<figure class=\"wp-block-image size-large\"><img loading=\"lazy\" decoding=\"async\" width=\"768\" height=\"1024\" data-id=\"95\" src=\"https:\/\/chloemakeupnails.fr\/wp-content\/uploads\/2025\/07\/image9-768x1024.jpeg\" alt=\"\" class=\"wp-image-95\" srcset=\"https:\/\/chloemakeupnails.fr\/wp-content\/uploads\/2025\/07\/image9-768x1024.jpeg 768w, https:\/\/chloemakeupnails.fr\/wp-content\/uploads\/2025\/07\/image9-225x300.jpeg 225w, https:\/\/chloemakeupnails.fr\/wp-content\/uploads\/2025\/07\/image9-1152x1536.jpeg 1152w, https:\/\/chloemakeupnails.fr\/wp-content\/uploads\/2025\/07\/image9-1536x2048.jpeg 1536w, https:\/\/chloemakeupnails.fr\/wp-content\/uploads\/2025\/07\/image9-scaled.jpeg 1920w\" sizes=\"auto, (max-width: 768px) 100vw, 768px\" \/><\/figure>\n\n\n\n<figure class=\"wp-block-image size-full\"><img loading=\"lazy\" decoding=\"async\" width=\"414\" height=\"410\" data-id=\"94\" src=\"https:\/\/chloemakeupnails.fr\/wp-content\/uploads\/2025\/07\/image8.jpeg\" alt=\"\" class=\"wp-image-94\" srcset=\"https:\/\/chloemakeupnails.fr\/wp-content\/uploads\/2025\/07\/image8.jpeg 414w, https:\/\/chloemakeupnails.fr\/wp-content\/uploads\/2025\/07\/image8-300x297.jpeg 300w, https:\/\/chloemakeupnails.fr\/wp-content\/uploads\/2025\/07\/image8-150x150.jpeg 150w\" sizes=\"auto, (max-width: 414px) 100vw, 414px\" \/><\/figure>\n\n\n\n<figure class=\"wp-block-image size-large\"><img loading=\"lazy\" decoding=\"async\" width=\"683\" height=\"1024\" data-id=\"317\" src=\"https:\/\/chloemakeupnails.fr\/wp-content\/uploads\/2025\/08\/06D02363-32ED-4D86-955F-40AA2E7FA594-683x1024.png\" alt=\"\" class=\"wp-image-317\" srcset=\"https:\/\/chloemakeupnails.fr\/wp-content\/uploads\/2025\/08\/06D02363-32ED-4D86-955F-40AA2E7FA594-683x1024.png 683w, https:\/\/chloemakeupnails.fr\/wp-content\/uploads\/2025\/08\/06D02363-32ED-4D86-955F-40AA2E7FA594-200x300.png 200w, https:\/\/chloemakeupnails.fr\/wp-content\/uploads\/2025\/08\/06D02363-32ED-4D86-955F-40AA2E7FA594-768x1152.png 768w, https:\/\/chloemakeupnails.fr\/wp-content\/uploads\/2025\/08\/06D02363-32ED-4D86-955F-40AA2E7FA594.png 1024w\" sizes=\"auto, (max-width: 683px) 100vw, 683px\" \/><\/figure>\n\n\n\n<figure class=\"wp-block-image size-large\"><img loading=\"lazy\" decoding=\"async\" width=\"768\" height=\"1024\" data-id=\"102\" src=\"https:\/\/chloemakeupnails.fr\/wp-content\/uploads\/2025\/07\/image16-768x1024.jpeg\" alt=\"\" class=\"wp-image-102\" srcset=\"https:\/\/chloemakeupnails.fr\/wp-content\/uploads\/2025\/07\/image16-768x1024.jpeg 768w, https:\/\/chloemakeupnails.fr\/wp-content\/uploads\/2025\/07\/image16-225x300.jpeg 225w, https:\/\/chloemakeupnails.fr\/wp-content\/uploads\/2025\/07\/image16-1152x1536.jpeg 1152w, https:\/\/chloemakeupnails.fr\/wp-content\/uploads\/2025\/07\/image16-1536x2048.jpeg 1536w, https:\/\/chloemakeupnails.fr\/wp-content\/uploads\/2025\/07\/image16-scaled.jpeg 1920w\" sizes=\"auto, (max-width: 768px) 100vw, 768px\" \/><\/figure>\n\n\n\n<figure class=\"wp-block-image size-large\"><img loading=\"lazy\" decoding=\"async\" width=\"1024\" height=\"1024\" data-id=\"316\" src=\"https:\/\/chloemakeupnails.fr\/wp-content\/uploads\/2025\/08\/587827B5-76F6-4640-87E7-6BD29DB0DF57-1024x1024.jpeg\" alt=\"\" class=\"wp-image-316\" srcset=\"https:\/\/chloemakeupnails.fr\/wp-content\/uploads\/2025\/08\/587827B5-76F6-4640-87E7-6BD29DB0DF57-1024x1024.jpeg 1024w, https:\/\/chloemakeupnails.fr\/wp-content\/uploads\/2025\/08\/587827B5-76F6-4640-87E7-6BD29DB0DF57-300x300.jpeg 300w, https:\/\/chloemakeupnails.fr\/wp-content\/uploads\/2025\/08\/587827B5-76F6-4640-87E7-6BD29DB0DF57-150x150.jpeg 150w, https:\/\/chloemakeupnails.fr\/wp-content\/uploads\/2025\/08\/587827B5-76F6-4640-87E7-6BD29DB0DF57-768x768.jpeg 768w, https:\/\/chloemakeupnails.fr\/wp-content\/uploads\/2025\/08\/587827B5-76F6-4640-87E7-6BD29DB0DF57-1536x1536.jpeg 1536w, https:\/\/chloemakeupnails.fr\/wp-content\/uploads\/2025\/08\/587827B5-76F6-4640-87E7-6BD29DB0DF57-2048x2048.jpeg 2048w\" sizes=\"auto, (max-width: 1024px) 100vw, 1024px\" \/><\/figure>\n\n\n\n<figure class=\"wp-block-image size-large\"><img loading=\"lazy\" decoding=\"async\" width=\"768\" height=\"1024\" data-id=\"96\" src=\"https:\/\/chloemakeupnails.fr\/wp-content\/uploads\/2025\/07\/image10-768x1024.jpeg\" alt=\"\" class=\"wp-image-96\" srcset=\"https:\/\/chloemakeupnails.fr\/wp-content\/uploads\/2025\/07\/image10-768x1024.jpeg 768w, https:\/\/chloemakeupnails.fr\/wp-content\/uploads\/2025\/07\/image10-225x300.jpeg 225w, https:\/\/chloemakeupnails.fr\/wp-content\/uploads\/2025\/07\/image10-1152x1536.jpeg 1152w, https:\/\/chloemakeupnails.fr\/wp-content\/uploads\/2025\/07\/image10-1536x2048.jpeg 1536w, https:\/\/chloemakeupnails.fr\/wp-content\/uploads\/2025\/07\/image10-scaled.jpeg 1920w\" sizes=\"auto, (max-width: 768px) 100vw, 768px\" \/><\/figure>\n\n\n\n<figure class=\"wp-block-image size-full\"><img loading=\"lazy\" decoding=\"async\" width=\"480\" height=\"720\" data-id=\"329\" src=\"https:\/\/chloemakeupnails.fr\/wp-content\/uploads\/2025\/08\/566628907_1738544613417400_3567603102049678292_n.jpg\" alt=\"\" class=\"wp-image-329\" srcset=\"https:\/\/chloemakeupnails.fr\/wp-content\/uploads\/2025\/08\/566628907_1738544613417400_3567603102049678292_n.jpg 480w, https:\/\/chloemakeupnails.fr\/wp-content\/uploads\/2025\/08\/566628907_1738544613417400_3567603102049678292_n-200x300.jpg 200w\" sizes=\"auto, (max-width: 480px) 100vw, 480px\" \/><\/figure>\n\n\n\n<figure class=\"wp-block-image size-full\"><img loading=\"lazy\" decoding=\"async\" width=\"480\" height=\"720\" data-id=\"330\" src=\"https:\/\/chloemakeupnails.fr\/wp-content\/uploads\/2025\/08\/569750970_809064521733608_6875636117208448929_n.jpg\" alt=\"\" class=\"wp-image-330\" srcset=\"https:\/\/chloemakeupnails.fr\/wp-content\/uploads\/2025\/08\/569750970_809064521733608_6875636117208448929_n.jpg 480w, https:\/\/chloemakeupnails.fr\/wp-content\/uploads\/2025\/08\/569750970_809064521733608_6875636117208448929_n-200x300.jpg 200w\" sizes=\"auto, (max-width: 480px) 100vw, 480px\" \/><\/figure>\n<\/figure>\n<\/div>\n<\/div>\n<\/div>\n\n\n\n<p><\/p>\n","protected":false},"excerpt":{"rendered":"<p>Galerie de maquillage et de manucure D\u00e9couvrez mes r\u00e9alisations en maquillage et onglerie, mettant en valeur des styles divers pour chaque occasion, afin de vous inspirer et de vous assurer un r\u00e9sultat professionnel.<\/p>\n","protected":false},"author":1,"featured_media":70,"parent":0,"menu_order":6,"comment_status":"closed","ping_status":"closed","template":"","meta":{"footnotes":""},"class_list":["post-19","page","type-page","status-publish","has-post-thumbnail","hentry"],"yoast_head":"<!-- This site is optimized with the Yoast SEO plugin v26.7 - https:\/\/yoast.com\/wordpress\/plugins\/seo\/ -->\n<title>Galerie - Chlo\u00e9 Templeraud : Makeup &amp; nails<\/title>\n<meta name=\"robots\" content=\"index, follow, max-snippet:-1, max-image-preview:large, max-video-preview:-1\" \/>\n<link rel=\"canonical\" href=\"https:\/\/chloemakeupnails.fr\/index.php\/mon-book\/\" \/>\n<meta property=\"og:locale\" content=\"fr_FR\" \/>\n<meta property=\"og:type\" content=\"article\" \/>\n<meta property=\"og:title\" content=\"Galerie - Chlo\u00e9 Templeraud : Makeup &amp; nails\" \/>\n<meta property=\"og:description\" content=\"Galerie de maquillage et de manucure D\u00e9couvrez mes r\u00e9alisations en maquillage et onglerie, mettant en valeur des styles divers pour chaque occasion, afin de vous inspirer et de vous assurer un r\u00e9sultat professionnel.\" \/>\n<meta property=\"og:url\" content=\"https:\/\/chloemakeupnails.fr\/index.php\/mon-book\/\" \/>\n<meta property=\"og:site_name\" content=\"Chlo\u00e9 Templeraud : Makeup &amp; nails\" \/>\n<meta property=\"article:publisher\" content=\"https:\/\/www.facebook.com\/profile.php?id=100020779029136\" \/>\n<meta property=\"article:modified_time\" content=\"2025-12-30T11:41:17+00:00\" \/>\n<meta property=\"og:image\" content=\"https:\/\/chloemakeupnails.fr\/wp-content\/uploads\/2025\/07\/chloemakeupnails-logo.jpg\" \/>\n\t<meta property=\"og:image:width\" content=\"718\" \/>\n\t<meta property=\"og:image:height\" content=\"408\" \/>\n\t<meta property=\"og:image:type\" content=\"image\/jpeg\" \/>\n<meta name=\"twitter:card\" content=\"summary_large_image\" \/>\n<meta name=\"twitter:label1\" content=\"Dur\u00e9e de lecture estim\u00e9e\" \/>\n\t<meta name=\"twitter:data1\" content=\"2 minutes\" \/>\n<script type=\"application\/ld+json\" class=\"yoast-schema-graph\">{\"@context\":\"https:\/\/schema.org\",\"@graph\":[{\"@type\":\"WebPage\",\"@id\":\"https:\/\/chloemakeupnails.fr\/index.php\/mon-book\/\",\"url\":\"https:\/\/chloemakeupnails.fr\/index.php\/mon-book\/\",\"name\":\"Galerie - Chlo\u00e9 Templeraud : Makeup &amp; nails\",\"isPartOf\":{\"@id\":\"https:\/\/chloemakeupnails.fr\/#website\"},\"primaryImageOfPage\":{\"@id\":\"https:\/\/chloemakeupnails.fr\/index.php\/mon-book\/#primaryimage\"},\"image\":{\"@id\":\"https:\/\/chloemakeupnails.fr\/index.php\/mon-book\/#primaryimage\"},\"thumbnailUrl\":\"https:\/\/chloemakeupnails.fr\/wp-content\/uploads\/2025\/07\/chloemakeupnails-logo.jpg\",\"datePublished\":\"2025-06-19T18:15:07+00:00\",\"dateModified\":\"2025-12-30T11:41:17+00:00\",\"breadcrumb\":{\"@id\":\"https:\/\/chloemakeupnails.fr\/index.php\/mon-book\/#breadcrumb\"},\"inLanguage\":\"fr-FR\",\"potentialAction\":[{\"@type\":\"ReadAction\",\"target\":[\"https:\/\/chloemakeupnails.fr\/index.php\/mon-book\/\"]}]},{\"@type\":\"ImageObject\",\"inLanguage\":\"fr-FR\",\"@id\":\"https:\/\/chloemakeupnails.fr\/index.php\/mon-book\/#primaryimage\",\"url\":\"https:\/\/chloemakeupnails.fr\/wp-content\/uploads\/2025\/07\/chloemakeupnails-logo.jpg\",\"contentUrl\":\"https:\/\/chloemakeupnails.fr\/wp-content\/uploads\/2025\/07\/chloemakeupnails-logo.jpg\",\"width\":718,\"height\":408},{\"@type\":\"BreadcrumbList\",\"@id\":\"https:\/\/chloemakeupnails.fr\/index.php\/mon-book\/#breadcrumb\",\"itemListElement\":[{\"@type\":\"ListItem\",\"position\":1,\"name\":\"Accueil\",\"item\":\"https:\/\/chloemakeupnails.fr\/\"},{\"@type\":\"ListItem\",\"position\":2,\"name\":\"Galerie\"}]},{\"@type\":\"WebSite\",\"@id\":\"https:\/\/chloemakeupnails.fr\/#website\",\"url\":\"https:\/\/chloemakeupnails.fr\/\",\"name\":\"Chlo\u00e9 Templeraud : Makeup & nails\",\"description\":\"Makeup and Nails, Mariage, TV, \u00c9v\u00e9nementiel, Tournage pour les Pays-de-la-Loire et l&#039;\u00cele-de-France\",\"publisher\":{\"@id\":\"https:\/\/chloemakeupnails.fr\/#\/schema\/person\/1d85045a0541b6cf16480280d2184154\"},\"potentialAction\":[{\"@type\":\"SearchAction\",\"target\":{\"@type\":\"EntryPoint\",\"urlTemplate\":\"https:\/\/chloemakeupnails.fr\/?s={search_term_string}\"},\"query-input\":{\"@type\":\"PropertyValueSpecification\",\"valueRequired\":true,\"valueName\":\"search_term_string\"}}],\"inLanguage\":\"fr-FR\"},{\"@type\":[\"Person\",\"Organization\"],\"@id\":\"https:\/\/chloemakeupnails.fr\/#\/schema\/person\/1d85045a0541b6cf16480280d2184154\",\"name\":\"Chlo\u00e9 Templeraud\",\"image\":{\"@type\":\"ImageObject\",\"inLanguage\":\"fr-FR\",\"@id\":\"https:\/\/chloemakeupnails.fr\/#\/schema\/person\/image\/\",\"url\":\"https:\/\/chloemakeupnails.fr\/wp-content\/uploads\/2025\/08\/cropped-chloetempleraud-selfie-edited.jpg\",\"contentUrl\":\"https:\/\/chloemakeupnails.fr\/wp-content\/uploads\/2025\/08\/cropped-chloetempleraud-selfie-edited.jpg\",\"width\":512,\"height\":512,\"caption\":\"Chlo\u00e9 Templeraud\"},\"logo\":{\"@id\":\"https:\/\/chloemakeupnails.fr\/#\/schema\/person\/image\/\"},\"sameAs\":[\"http:\/\/chloemakeupnails.fr\",\"https:\/\/www.facebook.com\/profile.php?id=100020779029136\",\"https:\/\/www.instagram.com\/chloemakeup_nails\/\"]}]}<\/script>\n<!-- \/ Yoast SEO plugin. -->","yoast_head_json":{"title":"Galerie - Chlo\u00e9 Templeraud : Makeup &amp; nails","robots":{"index":"index","follow":"follow","max-snippet":"max-snippet:-1","max-image-preview":"max-image-preview:large","max-video-preview":"max-video-preview:-1"},"canonical":"https:\/\/chloemakeupnails.fr\/index.php\/mon-book\/","og_locale":"fr_FR","og_type":"article","og_title":"Galerie - Chlo\u00e9 Templeraud : Makeup &amp; nails","og_description":"Galerie de maquillage et de manucure D\u00e9couvrez mes r\u00e9alisations en maquillage et onglerie, mettant en valeur des styles divers pour chaque occasion, afin de vous inspirer et de vous assurer un r\u00e9sultat professionnel.","og_url":"https:\/\/chloemakeupnails.fr\/index.php\/mon-book\/","og_site_name":"Chlo\u00e9 Templeraud : Makeup &amp; nails","article_publisher":"https:\/\/www.facebook.com\/profile.php?id=100020779029136","article_modified_time":"2025-12-30T11:41:17+00:00","og_image":[{"width":718,"height":408,"url":"https:\/\/chloemakeupnails.fr\/wp-content\/uploads\/2025\/07\/chloemakeupnails-logo.jpg","type":"image\/jpeg"}],"twitter_card":"summary_large_image","twitter_misc":{"Dur\u00e9e de lecture estim\u00e9e":"2 minutes"},"schema":{"@context":"https:\/\/schema.org","@graph":[{"@type":"WebPage","@id":"https:\/\/chloemakeupnails.fr\/index.php\/mon-book\/","url":"https:\/\/chloemakeupnails.fr\/index.php\/mon-book\/","name":"Galerie - Chlo\u00e9 Templeraud : Makeup &amp; nails","isPartOf":{"@id":"https:\/\/chloemakeupnails.fr\/#website"},"primaryImageOfPage":{"@id":"https:\/\/chloemakeupnails.fr\/index.php\/mon-book\/#primaryimage"},"image":{"@id":"https:\/\/chloemakeupnails.fr\/index.php\/mon-book\/#primaryimage"},"thumbnailUrl":"https:\/\/chloemakeupnails.fr\/wp-content\/uploads\/2025\/07\/chloemakeupnails-logo.jpg","datePublished":"2025-06-19T18:15:07+00:00","dateModified":"2025-12-30T11:41:17+00:00","breadcrumb":{"@id":"https:\/\/chloemakeupnails.fr\/index.php\/mon-book\/#breadcrumb"},"inLanguage":"fr-FR","potentialAction":[{"@type":"ReadAction","target":["https:\/\/chloemakeupnails.fr\/index.php\/mon-book\/"]}]},{"@type":"ImageObject","inLanguage":"fr-FR","@id":"https:\/\/chloemakeupnails.fr\/index.php\/mon-book\/#primaryimage","url":"https:\/\/chloemakeupnails.fr\/wp-content\/uploads\/2025\/07\/chloemakeupnails-logo.jpg","contentUrl":"https:\/\/chloemakeupnails.fr\/wp-content\/uploads\/2025\/07\/chloemakeupnails-logo.jpg","width":718,"height":408},{"@type":"BreadcrumbList","@id":"https:\/\/chloemakeupnails.fr\/index.php\/mon-book\/#breadcrumb","itemListElement":[{"@type":"ListItem","position":1,"name":"Accueil","item":"https:\/\/chloemakeupnails.fr\/"},{"@type":"ListItem","position":2,"name":"Galerie"}]},{"@type":"WebSite","@id":"https:\/\/chloemakeupnails.fr\/#website","url":"https:\/\/chloemakeupnails.fr\/","name":"Chlo\u00e9 Templeraud : Makeup & nails","description":"Makeup and Nails, Mariage, TV, \u00c9v\u00e9nementiel, Tournage pour les Pays-de-la-Loire et l&#039;\u00cele-de-France","publisher":{"@id":"https:\/\/chloemakeupnails.fr\/#\/schema\/person\/1d85045a0541b6cf16480280d2184154"},"potentialAction":[{"@type":"SearchAction","target":{"@type":"EntryPoint","urlTemplate":"https:\/\/chloemakeupnails.fr\/?s={search_term_string}"},"query-input":{"@type":"PropertyValueSpecification","valueRequired":true,"valueName":"search_term_string"}}],"inLanguage":"fr-FR"},{"@type":["Person","Organization"],"@id":"https:\/\/chloemakeupnails.fr\/#\/schema\/person\/1d85045a0541b6cf16480280d2184154","name":"Chlo\u00e9 Templeraud","image":{"@type":"ImageObject","inLanguage":"fr-FR","@id":"https:\/\/chloemakeupnails.fr\/#\/schema\/person\/image\/","url":"https:\/\/chloemakeupnails.fr\/wp-content\/uploads\/2025\/08\/cropped-chloetempleraud-selfie-edited.jpg","contentUrl":"https:\/\/chloemakeupnails.fr\/wp-content\/uploads\/2025\/08\/cropped-chloetempleraud-selfie-edited.jpg","width":512,"height":512,"caption":"Chlo\u00e9 Templeraud"},"logo":{"@id":"https:\/\/chloemakeupnails.fr\/#\/schema\/person\/image\/"},"sameAs":["http:\/\/chloemakeupnails.fr","https:\/\/www.facebook.com\/profile.php?id=100020779029136","https:\/\/www.instagram.com\/chloemakeup_nails\/"]}]}},"_links":{"self":[{"href":"https:\/\/chloemakeupnails.fr\/index.php\/wp-json\/wp\/v2\/pages\/19","targetHints":{"allow":["GET"]}}],"collection":[{"href":"https:\/\/chloemakeupnails.fr\/index.php\/wp-json\/wp\/v2\/pages"}],"about":[{"href":"https:\/\/chloemakeupnails.fr\/index.php\/wp-json\/wp\/v2\/types\/page"}],"author":[{"embeddable":true,"href":"https:\/\/chloemakeupnails.fr\/index.php\/wp-json\/wp\/v2\/users\/1"}],"replies":[{"embeddable":true,"href":"https:\/\/chloemakeupnails.fr\/index.php\/wp-json\/wp\/v2\/comments?post=19"}],"version-history":[{"count":9,"href":"https:\/\/chloemakeupnails.fr\/index.php\/wp-json\/wp\/v2\/pages\/19\/revisions"}],"predecessor-version":[{"id":356,"href":"https:\/\/chloemakeupnails.fr\/index.php\/wp-json\/wp\/v2\/pages\/19\/revisions\/356"}],"wp:featuredmedia":[{"embeddable":true,"href":"https:\/\/chloemakeupnails.fr\/index.php\/wp-json\/wp\/v2\/media\/70"}],"wp:attachment":[{"href":"https:\/\/chloemakeupnails.fr\/index.php\/wp-json\/wp\/v2\/media?parent=19"}],"curies":[{"name":"wp","href":"https:\/\/api.w.org\/{rel}","templated":true}]}}