{"id":16,"date":"2025-06-19T20:15:07","date_gmt":"2025-06-19T18:15:07","guid":{"rendered":"https:\/\/aisbc9a1293cpinkwolf.wordpress.com\/teinture\/"},"modified":"2026-03-16T14:05:38","modified_gmt":"2026-03-16T13:05:38","slug":"teinture","status":"publish","type":"page","link":"https:\/\/chloemakeupnails.fr\/index.php\/teinture\/","title":{"rendered":"Teinture"},"content":{"rendered":"\n<div class=\"wp-block-group alignfull is-style-section-default has-global-padding is-content-justification-center is-layout-constrained wp-block-group-is-layout-constrained\" id=\"page-title-section\" style=\"margin-top:0;margin-bottom:0;padding-top:var(--wp--preset--spacing--40);padding-bottom:var(--wp--preset--spacing--40)\">\n<div class=\"wp-block-columns alignwide are-vertically-aligned-center is-layout-flex wp-container-core-columns-is-layout-87beb0d0 wp-block-columns-is-layout-flex\">\n<div class=\"wp-block-column is-vertically-aligned-center is-layout-flow wp-block-column-is-layout-flow\">\n<figure class=\"wp-block-image size-full has-custom-border\" style=\"margin-right:var(--wp--preset--spacing--40);margin-left:var(--wp--preset--spacing--40)\"><img loading=\"lazy\" decoding=\"async\" width=\"503\" height=\"629\" src=\"http:\/\/chloemakeupnails.fr\/wp-content\/uploads\/2025\/07\/photo-rubrique-teinture.jpg\" alt=\"\" class=\"wp-image-81\" style=\"border-width:10px;aspect-ratio:1;object-fit:cover\" srcset=\"https:\/\/chloemakeupnails.fr\/wp-content\/uploads\/2025\/07\/photo-rubrique-teinture.jpg 503w, https:\/\/chloemakeupnails.fr\/wp-content\/uploads\/2025\/07\/photo-rubrique-teinture-240x300.jpg 240w\" sizes=\"auto, (max-width: 503px) 100vw, 503px\" \/><\/figure>\n<\/div>\n\n\n\n<div class=\"wp-block-column is-vertically-aligned-center is-layout-flow wp-block-column-is-layout-flow\">\n<h2 class=\"wp-block-heading has-xx-large-font-size\">Teinture des cils et sourcils<\/h2>\n\n\n\n<p class=\"has-medium-font-size\">D\u00e9couvrez mes options de teinture pour les cils et les sourcils, offrant un regard plus intense et d\u00e9fini sans effort au quotidien. Mes produits de qualit\u00e9 assurent un r\u00e9sultat naturel et durable, parfait pour celles qui souhaitent souligner leur maquillage ou simplifier leur routine de beaut\u00e9.<\/p>\n<\/div>\n<\/div>\n\n\n\n<p><\/p>\n\n\n\n<h3 class=\"wp-block-heading has-text-align-center\">Voici mes prestations de teintures:<\/h3>\n\n\n\n<ul class=\"wp-block-list\">\n<li>Teintures cils : 25 euros<\/li>\n\n\n\n<li>Teintures sourcils : 25 euros<\/li>\n<\/ul>\n<\/div>\n\n\n\n<div class=\"wp-block-buttons is-content-justification-center is-nowrap is-layout-flex wp-container-core-buttons-is-layout-6d187108 wp-block-buttons-is-layout-flex\" style=\"margin-top:var(--wp--preset--spacing--30)\">\n<div class=\"wp-block-button\"><a class=\"wp-block-button__link wp-element-button\" href=\"https:\/\/chloemakeupnails.fr\/index.php\/contact\/\">R\u00e9servez maintenant<\/a><\/div>\n<\/div>\n","protected":false},"excerpt":{"rendered":"<p>Teinture des cils et sourcils D\u00e9couvrez mes options de teinture pour les cils et les sourcils, offrant un regard plus intense et d\u00e9fini sans effort au quotidien. Mes produits de qualit\u00e9 assurent un r\u00e9sultat naturel et durable, parfait pour celles qui souhaitent souligner leur maquillage ou simplifier leur routine de beaut\u00e9. Voici mes prestations de [&hellip;]<\/p>\n","protected":false},"author":1,"featured_media":81,"parent":0,"menu_order":5,"comment_status":"closed","ping_status":"closed","template":"","meta":{"footnotes":""},"class_list":["post-16","page","type-page","status-publish","has-post-thumbnail","hentry"],"yoast_head":"<!-- This site is optimized with the Yoast SEO plugin v26.7 - https:\/\/yoast.com\/wordpress\/plugins\/seo\/ -->\n<title>Teinture - Chlo\u00e9 Templeraud : Makeup &amp; nails<\/title>\n<meta name=\"robots\" content=\"index, follow, max-snippet:-1, max-image-preview:large, max-video-preview:-1\" \/>\n<link rel=\"canonical\" href=\"https:\/\/chloemakeupnails.fr\/index.php\/teinture\/\" \/>\n<meta property=\"og:locale\" content=\"fr_FR\" \/>\n<meta property=\"og:type\" content=\"article\" \/>\n<meta property=\"og:title\" content=\"Teinture - Chlo\u00e9 Templeraud : Makeup &amp; nails\" \/>\n<meta property=\"og:description\" content=\"Teinture des cils et sourcils D\u00e9couvrez mes options de teinture pour les cils et les sourcils, offrant un regard plus intense et d\u00e9fini sans effort au quotidien. Mes produits de qualit\u00e9 assurent un r\u00e9sultat naturel et durable, parfait pour celles qui souhaitent souligner leur maquillage ou simplifier leur routine de beaut\u00e9. Voici mes prestations de [&hellip;]\" \/>\n<meta property=\"og:url\" content=\"https:\/\/chloemakeupnails.fr\/index.php\/teinture\/\" \/>\n<meta property=\"og:site_name\" content=\"Chlo\u00e9 Templeraud : Makeup &amp; nails\" \/>\n<meta property=\"article:publisher\" content=\"https:\/\/www.facebook.com\/profile.php?id=100020779029136\" \/>\n<meta property=\"article:modified_time\" content=\"2026-03-16T13:05:38+00:00\" \/>\n<meta property=\"og:image\" content=\"https:\/\/chloemakeupnails.fr\/wp-content\/uploads\/2025\/07\/photo-rubrique-teinture.jpg\" \/>\n\t<meta property=\"og:image:width\" content=\"503\" \/>\n\t<meta property=\"og:image:height\" content=\"629\" \/>\n\t<meta property=\"og:image:type\" content=\"image\/jpeg\" \/>\n<meta name=\"twitter:card\" content=\"summary_large_image\" \/>\n<meta name=\"twitter:label1\" content=\"Dur\u00e9e de lecture estim\u00e9e\" \/>\n\t<meta name=\"twitter:data1\" content=\"1 minute\" \/>\n<script type=\"application\/ld+json\" class=\"yoast-schema-graph\">{\"@context\":\"https:\/\/schema.org\",\"@graph\":[{\"@type\":\"WebPage\",\"@id\":\"https:\/\/chloemakeupnails.fr\/index.php\/teinture\/\",\"url\":\"https:\/\/chloemakeupnails.fr\/index.php\/teinture\/\",\"name\":\"Teinture - Chlo\u00e9 Templeraud : Makeup &amp; nails\",\"isPartOf\":{\"@id\":\"https:\/\/chloemakeupnails.fr\/#website\"},\"primaryImageOfPage\":{\"@id\":\"https:\/\/chloemakeupnails.fr\/index.php\/teinture\/#primaryimage\"},\"image\":{\"@id\":\"https:\/\/chloemakeupnails.fr\/index.php\/teinture\/#primaryimage\"},\"thumbnailUrl\":\"https:\/\/chloemakeupnails.fr\/wp-content\/uploads\/2025\/07\/photo-rubrique-teinture.jpg\",\"datePublished\":\"2025-06-19T18:15:07+00:00\",\"dateModified\":\"2026-03-16T13:05:38+00:00\",\"breadcrumb\":{\"@id\":\"https:\/\/chloemakeupnails.fr\/index.php\/teinture\/#breadcrumb\"},\"inLanguage\":\"fr-FR\",\"potentialAction\":[{\"@type\":\"ReadAction\",\"target\":[\"https:\/\/chloemakeupnails.fr\/index.php\/teinture\/\"]}]},{\"@type\":\"ImageObject\",\"inLanguage\":\"fr-FR\",\"@id\":\"https:\/\/chloemakeupnails.fr\/index.php\/teinture\/#primaryimage\",\"url\":\"https:\/\/chloemakeupnails.fr\/wp-content\/uploads\/2025\/07\/photo-rubrique-teinture.jpg\",\"contentUrl\":\"https:\/\/chloemakeupnails.fr\/wp-content\/uploads\/2025\/07\/photo-rubrique-teinture.jpg\",\"width\":503,\"height\":629,\"caption\":\"Teinture\"},{\"@type\":\"BreadcrumbList\",\"@id\":\"https:\/\/chloemakeupnails.fr\/index.php\/teinture\/#breadcrumb\",\"itemListElement\":[{\"@type\":\"ListItem\",\"position\":1,\"name\":\"Accueil\",\"item\":\"https:\/\/chloemakeupnails.fr\/\"},{\"@type\":\"ListItem\",\"position\":2,\"name\":\"Teinture\"}]},{\"@type\":\"WebSite\",\"@id\":\"https:\/\/chloemakeupnails.fr\/#website\",\"url\":\"https:\/\/chloemakeupnails.fr\/\",\"name\":\"Chlo\u00e9 Templeraud : Makeup & nails\",\"description\":\"Makeup and Nails, Mariage, TV, \u00c9v\u00e9nementiel, Tournage pour les Pays-de-la-Loire et l&#039;\u00cele-de-France\",\"publisher\":{\"@id\":\"https:\/\/chloemakeupnails.fr\/#\/schema\/person\/1d85045a0541b6cf16480280d2184154\"},\"potentialAction\":[{\"@type\":\"SearchAction\",\"target\":{\"@type\":\"EntryPoint\",\"urlTemplate\":\"https:\/\/chloemakeupnails.fr\/?s={search_term_string}\"},\"query-input\":{\"@type\":\"PropertyValueSpecification\",\"valueRequired\":true,\"valueName\":\"search_term_string\"}}],\"inLanguage\":\"fr-FR\"},{\"@type\":[\"Person\",\"Organization\"],\"@id\":\"https:\/\/chloemakeupnails.fr\/#\/schema\/person\/1d85045a0541b6cf16480280d2184154\",\"name\":\"Chlo\u00e9 Templeraud\",\"image\":{\"@type\":\"ImageObject\",\"inLanguage\":\"fr-FR\",\"@id\":\"https:\/\/chloemakeupnails.fr\/#\/schema\/person\/image\/\",\"url\":\"https:\/\/chloemakeupnails.fr\/wp-content\/uploads\/2025\/08\/cropped-chloetempleraud-selfie-edited.jpg\",\"contentUrl\":\"https:\/\/chloemakeupnails.fr\/wp-content\/uploads\/2025\/08\/cropped-chloetempleraud-selfie-edited.jpg\",\"width\":512,\"height\":512,\"caption\":\"Chlo\u00e9 Templeraud\"},\"logo\":{\"@id\":\"https:\/\/chloemakeupnails.fr\/#\/schema\/person\/image\/\"},\"sameAs\":[\"http:\/\/chloemakeupnails.fr\",\"https:\/\/www.facebook.com\/profile.php?id=100020779029136\",\"https:\/\/www.instagram.com\/chloemakeup_nails\/\"]}]}<\/script>\n<!-- \/ Yoast SEO plugin. -->","yoast_head_json":{"title":"Teinture - Chlo\u00e9 Templeraud : Makeup &amp; nails","robots":{"index":"index","follow":"follow","max-snippet":"max-snippet:-1","max-image-preview":"max-image-preview:large","max-video-preview":"max-video-preview:-1"},"canonical":"https:\/\/chloemakeupnails.fr\/index.php\/teinture\/","og_locale":"fr_FR","og_type":"article","og_title":"Teinture - Chlo\u00e9 Templeraud : Makeup &amp; nails","og_description":"Teinture des cils et sourcils D\u00e9couvrez mes options de teinture pour les cils et les sourcils, offrant un regard plus intense et d\u00e9fini sans effort au quotidien. Mes produits de qualit\u00e9 assurent un r\u00e9sultat naturel et durable, parfait pour celles qui souhaitent souligner leur maquillage ou simplifier leur routine de beaut\u00e9. Voici mes prestations de [&hellip;]","og_url":"https:\/\/chloemakeupnails.fr\/index.php\/teinture\/","og_site_name":"Chlo\u00e9 Templeraud : Makeup &amp; nails","article_publisher":"https:\/\/www.facebook.com\/profile.php?id=100020779029136","article_modified_time":"2026-03-16T13:05:38+00:00","og_image":[{"width":503,"height":629,"url":"https:\/\/chloemakeupnails.fr\/wp-content\/uploads\/2025\/07\/photo-rubrique-teinture.jpg","type":"image\/jpeg"}],"twitter_card":"summary_large_image","twitter_misc":{"Dur\u00e9e de lecture estim\u00e9e":"1 minute"},"schema":{"@context":"https:\/\/schema.org","@graph":[{"@type":"WebPage","@id":"https:\/\/chloemakeupnails.fr\/index.php\/teinture\/","url":"https:\/\/chloemakeupnails.fr\/index.php\/teinture\/","name":"Teinture - Chlo\u00e9 Templeraud : Makeup &amp; nails","isPartOf":{"@id":"https:\/\/chloemakeupnails.fr\/#website"},"primaryImageOfPage":{"@id":"https:\/\/chloemakeupnails.fr\/index.php\/teinture\/#primaryimage"},"image":{"@id":"https:\/\/chloemakeupnails.fr\/index.php\/teinture\/#primaryimage"},"thumbnailUrl":"https:\/\/chloemakeupnails.fr\/wp-content\/uploads\/2025\/07\/photo-rubrique-teinture.jpg","datePublished":"2025-06-19T18:15:07+00:00","dateModified":"2026-03-16T13:05:38+00:00","breadcrumb":{"@id":"https:\/\/chloemakeupnails.fr\/index.php\/teinture\/#breadcrumb"},"inLanguage":"fr-FR","potentialAction":[{"@type":"ReadAction","target":["https:\/\/chloemakeupnails.fr\/index.php\/teinture\/"]}]},{"@type":"ImageObject","inLanguage":"fr-FR","@id":"https:\/\/chloemakeupnails.fr\/index.php\/teinture\/#primaryimage","url":"https:\/\/chloemakeupnails.fr\/wp-content\/uploads\/2025\/07\/photo-rubrique-teinture.jpg","contentUrl":"https:\/\/chloemakeupnails.fr\/wp-content\/uploads\/2025\/07\/photo-rubrique-teinture.jpg","width":503,"height":629,"caption":"Teinture"},{"@type":"BreadcrumbList","@id":"https:\/\/chloemakeupnails.fr\/index.php\/teinture\/#breadcrumb","itemListElement":[{"@type":"ListItem","position":1,"name":"Accueil","item":"https:\/\/chloemakeupnails.fr\/"},{"@type":"ListItem","position":2,"name":"Teinture"}]},{"@type":"WebSite","@id":"https:\/\/chloemakeupnails.fr\/#website","url":"https:\/\/chloemakeupnails.fr\/","name":"Chlo\u00e9 Templeraud : Makeup & nails","description":"Makeup and Nails, Mariage, TV, \u00c9v\u00e9nementiel, Tournage pour les Pays-de-la-Loire et l&#039;\u00cele-de-France","publisher":{"@id":"https:\/\/chloemakeupnails.fr\/#\/schema\/person\/1d85045a0541b6cf16480280d2184154"},"potentialAction":[{"@type":"SearchAction","target":{"@type":"EntryPoint","urlTemplate":"https:\/\/chloemakeupnails.fr\/?s={search_term_string}"},"query-input":{"@type":"PropertyValueSpecification","valueRequired":true,"valueName":"search_term_string"}}],"inLanguage":"fr-FR"},{"@type":["Person","Organization"],"@id":"https:\/\/chloemakeupnails.fr\/#\/schema\/person\/1d85045a0541b6cf16480280d2184154","name":"Chlo\u00e9 Templeraud","image":{"@type":"ImageObject","inLanguage":"fr-FR","@id":"https:\/\/chloemakeupnails.fr\/#\/schema\/person\/image\/","url":"https:\/\/chloemakeupnails.fr\/wp-content\/uploads\/2025\/08\/cropped-chloetempleraud-selfie-edited.jpg","contentUrl":"https:\/\/chloemakeupnails.fr\/wp-content\/uploads\/2025\/08\/cropped-chloetempleraud-selfie-edited.jpg","width":512,"height":512,"caption":"Chlo\u00e9 Templeraud"},"logo":{"@id":"https:\/\/chloemakeupnails.fr\/#\/schema\/person\/image\/"},"sameAs":["http:\/\/chloemakeupnails.fr","https:\/\/www.facebook.com\/profile.php?id=100020779029136","https:\/\/www.instagram.com\/chloemakeup_nails\/"]}]}},"_links":{"self":[{"href":"https:\/\/chloemakeupnails.fr\/index.php\/wp-json\/wp\/v2\/pages\/16","targetHints":{"allow":["GET"]}}],"collection":[{"href":"https:\/\/chloemakeupnails.fr\/index.php\/wp-json\/wp\/v2\/pages"}],"about":[{"href":"https:\/\/chloemakeupnails.fr\/index.php\/wp-json\/wp\/v2\/types\/page"}],"author":[{"embeddable":true,"href":"https:\/\/chloemakeupnails.fr\/index.php\/wp-json\/wp\/v2\/users\/1"}],"replies":[{"embeddable":true,"href":"https:\/\/chloemakeupnails.fr\/index.php\/wp-json\/wp\/v2\/comments?post=16"}],"version-history":[{"count":8,"href":"https:\/\/chloemakeupnails.fr\/index.php\/wp-json\/wp\/v2\/pages\/16\/revisions"}],"predecessor-version":[{"id":492,"href":"https:\/\/chloemakeupnails.fr\/index.php\/wp-json\/wp\/v2\/pages\/16\/revisions\/492"}],"wp:featuredmedia":[{"embeddable":true,"href":"https:\/\/chloemakeupnails.fr\/index.php\/wp-json\/wp\/v2\/media\/81"}],"wp:attachment":[{"href":"https:\/\/chloemakeupnails.fr\/index.php\/wp-json\/wp\/v2\/media?parent=16"}],"curies":[{"name":"wp","href":"https:\/\/api.w.org\/{rel}","templated":true}]}}