{"id":15,"date":"2025-06-19T20:15:07","date_gmt":"2025-06-19T18:15:07","guid":{"rendered":"https:\/\/aisbc9a1293cpinkwolf.wordpress.com\/makeup\/"},"modified":"2026-03-16T13:46:46","modified_gmt":"2026-03-16T12:46:46","slug":"makeup","status":"publish","type":"page","link":"https:\/\/chloemakeupnails.fr\/index.php\/makeup\/","title":{"rendered":"Makeup"},"content":{"rendered":"\n<section class=\"wp-block-group alignfull is-style-section-1 is-layout-flow wp-block-group-is-layout-flow is-style-section-1--1\" style=\"margin-top:0;margin-bottom:0;padding-top:0;padding-bottom:0\">\n<div class=\"wp-block-columns alignwide is-style-section-3 wp-container-content-9cfa9a5a is-layout-flex wp-container-core-columns-is-layout-6c30a32b wp-block-columns-is-layout-flex is-style-section-3--2\" style=\"margin-top:0;margin-bottom:var(--wp--preset--spacing--30);padding-top:var(--wp--preset--spacing--30);padding-right:var(--wp--preset--spacing--30);padding-bottom:var(--wp--preset--spacing--30);padding-left:var(--wp--preset--spacing--30)\">\n<div class=\"wp-block-column is-vertically-aligned-center is-layout-flow wp-block-column-is-layout-flow\">\n<figure class=\"wp-block-image size-full has-custom-border is-style-default\" style=\"margin-top:0;margin-right:var(--wp--preset--spacing--40);margin-bottom:0;margin-left:var(--wp--preset--spacing--40)\"><img loading=\"lazy\" decoding=\"async\" width=\"640\" height=\"800\" src=\"https:\/\/chloemakeupnails.fr\/wp-content\/uploads\/2025\/07\/photo-rubrique-makeup.jpeg\" alt=\"\" class=\"wp-image-104\" style=\"border-width:5px;border-top-left-radius:15px;border-top-right-radius:15px;border-bottom-left-radius:15px;border-bottom-right-radius:15px;aspect-ratio:1;object-fit:cover\" srcset=\"https:\/\/chloemakeupnails.fr\/wp-content\/uploads\/2025\/07\/photo-rubrique-makeup.jpeg 640w, https:\/\/chloemakeupnails.fr\/wp-content\/uploads\/2025\/07\/photo-rubrique-makeup-240x300.jpeg 240w\" sizes=\"auto, (max-width: 640px) 100vw, 640px\" \/><\/figure>\n<\/div>\n\n\n\n<div class=\"wp-block-column is-vertically-aligned-center has-global-padding is-layout-constrained wp-container-core-column-is-layout-3c46939c wp-block-column-is-layout-constrained\" style=\"padding-top:var(--wp--preset--spacing--30);padding-right:0;padding-bottom:var(--wp--preset--spacing--30);padding-left:0;flex-basis:60%\">\n<h2 class=\"wp-block-heading has-large-font-size\">Mes prestations de maquillage pour toutes occasions<\/h2>\n\n\n\n<p class=\"has-small-font-size\">D\u00e9couvrez ma gamme de services de maquillage adapt\u00e9e \u00e0 chaque \u00e9v\u00e9nement, du maquillage naturel pour le quotidien aux looks sophistiqu\u00e9s pour les \u00e9v\u00e9nements sp\u00e9ciaux. Je vous propose des techniques personnalis\u00e9es pour sublimer votre beaut\u00e9.<\/p>\n<\/div>\n<\/div>\n<\/section>\n\n\n\n<h3 class=\"wp-block-heading has-text-align-center\">Voici mes diff\u00e9rentes prestations de makeup:<\/h3>\n\n\n\n<p>Mariage:<\/p>\n\n\n\n<ul class=\"wp-block-list\">\n<li>Maquillage mari\u00e9e avec essai <\/li>\n\n\n\n<li>Maquillage des invit\u00e9s<\/li>\n\n\n\n<li>Retouches des imperfections du mari\u00e9<\/li>\n\n\n\n<li>Essai maquillage mari\u00e9e<\/li>\n<\/ul>\n\n\n\n<p>Ev\u00e8nements et shootings:<\/p>\n\n\n\n<ul class=\"wp-block-list\">\n<li>Shooting photo: famille, grossesse, bapt\u00eame, \u00e9v\u00e8nements priv\u00e9s<\/li>\n\n\n\n<li>Maquillage de jour<\/li>\n\n\n\n<li>Maquillage de soir\u00e9e<\/li>\n\n\n\n<li>Maquillage f\u00eates<\/li>\n<\/ul>\n\n\n\n<p>Professionnel: <\/p>\n\n\n\n<ul class=\"wp-block-list\">\n<li>Maquillage t\u00e9l\u00e9vision<\/li>\n\n\n\n<li>Maquillage tournage<\/li>\n<\/ul>\n\n\n\n<p>Cours:<\/p>\n\n\n\n<ul class=\"wp-block-list\">\n<li>Cours d&rsquo;auto maquillage (1 ou 2 personnes)<\/li>\n<\/ul>\n\n\n\n<p><\/p>\n\n\n\n<p>Les tarifs sont communiqu\u00e9s sur demande afin de proposer un devis adapt\u00e9 \u00e0 vos besoins. Les prix peuvent \u00e9voluer selon le lieu de prestation, le nombre de personnes \u00e0 maquiller ou les sp\u00e9cificit\u00e9s de la demande.<\/p>\n\n\n\n<p>N&rsquo;h\u00e9sitez pas \u00e0 me contacter pour toutes demande d&rsquo;informations ou de devis.<\/p>\n\n\n\n<div class=\"wp-block-buttons is-content-justification-center is-nowrap is-layout-flex wp-container-core-buttons-is-layout-6d187108 wp-block-buttons-is-layout-flex\" style=\"margin-top:var(--wp--preset--spacing--30)\">\n<div class=\"wp-block-button\"><a class=\"wp-block-button__link wp-element-button\" href=\"https:\/\/chloemakeupnails.fr\/index.php\/contact\/\">R\u00e9servez maintenant<\/a><\/div>\n<\/div>\n\n\n\n<p><\/p>\n","protected":false},"excerpt":{"rendered":"<p>Mes prestations de maquillage pour toutes occasions D\u00e9couvrez ma gamme de services de maquillage adapt\u00e9e \u00e0 chaque \u00e9v\u00e9nement, du maquillage naturel pour le quotidien aux looks sophistiqu\u00e9s pour les \u00e9v\u00e9nements sp\u00e9ciaux. Je vous propose des techniques personnalis\u00e9es pour sublimer votre beaut\u00e9. Voici mes diff\u00e9rentes prestations de makeup: Mariage: Ev\u00e8nements et shootings: Professionnel: Cours: Les tarifs [&hellip;]<\/p>\n","protected":false},"author":1,"featured_media":104,"parent":0,"menu_order":2,"comment_status":"closed","ping_status":"closed","template":"","meta":{"footnotes":""},"class_list":["post-15","page","type-page","status-publish","has-post-thumbnail","hentry"],"yoast_head":"<!-- This site is optimized with the Yoast SEO plugin v26.7 - https:\/\/yoast.com\/wordpress\/plugins\/seo\/ -->\n<title>Makeup - Chlo\u00e9 Templeraud : Makeup &amp; nails<\/title>\n<meta name=\"robots\" content=\"index, follow, max-snippet:-1, max-image-preview:large, max-video-preview:-1\" \/>\n<link rel=\"canonical\" href=\"https:\/\/chloemakeupnails.fr\/index.php\/makeup\/\" \/>\n<meta property=\"og:locale\" content=\"fr_FR\" \/>\n<meta property=\"og:type\" content=\"article\" \/>\n<meta property=\"og:title\" content=\"Makeup - Chlo\u00e9 Templeraud : Makeup &amp; nails\" \/>\n<meta property=\"og:description\" content=\"Mes prestations de maquillage pour toutes occasions D\u00e9couvrez ma gamme de services de maquillage adapt\u00e9e \u00e0 chaque \u00e9v\u00e9nement, du maquillage naturel pour le quotidien aux looks sophistiqu\u00e9s pour les \u00e9v\u00e9nements sp\u00e9ciaux. Je vous propose des techniques personnalis\u00e9es pour sublimer votre beaut\u00e9. Voici mes diff\u00e9rentes prestations de makeup: Mariage: Ev\u00e8nements et shootings: Professionnel: Cours: Les tarifs [&hellip;]\" \/>\n<meta property=\"og:url\" content=\"https:\/\/chloemakeupnails.fr\/index.php\/makeup\/\" \/>\n<meta property=\"og:site_name\" content=\"Chlo\u00e9 Templeraud : Makeup &amp; nails\" \/>\n<meta property=\"article:publisher\" content=\"https:\/\/www.facebook.com\/profile.php?id=100020779029136\" \/>\n<meta property=\"article:modified_time\" content=\"2026-03-16T12:46:46+00:00\" \/>\n<meta property=\"og:image\" content=\"https:\/\/chloemakeupnails.fr\/wp-content\/uploads\/2025\/07\/photo-rubrique-makeup.jpeg\" \/>\n\t<meta property=\"og:image:width\" content=\"640\" \/>\n\t<meta property=\"og:image:height\" content=\"800\" \/>\n\t<meta property=\"og:image:type\" content=\"image\/jpeg\" \/>\n<meta name=\"twitter:card\" content=\"summary_large_image\" \/>\n<meta name=\"twitter:label1\" content=\"Dur\u00e9e de lecture estim\u00e9e\" \/>\n\t<meta name=\"twitter:data1\" content=\"2 minutes\" \/>\n<script type=\"application\/ld+json\" class=\"yoast-schema-graph\">{\"@context\":\"https:\/\/schema.org\",\"@graph\":[{\"@type\":\"WebPage\",\"@id\":\"https:\/\/chloemakeupnails.fr\/index.php\/makeup\/\",\"url\":\"https:\/\/chloemakeupnails.fr\/index.php\/makeup\/\",\"name\":\"Makeup - Chlo\u00e9 Templeraud : Makeup &amp; nails\",\"isPartOf\":{\"@id\":\"https:\/\/chloemakeupnails.fr\/#website\"},\"primaryImageOfPage\":{\"@id\":\"https:\/\/chloemakeupnails.fr\/index.php\/makeup\/#primaryimage\"},\"image\":{\"@id\":\"https:\/\/chloemakeupnails.fr\/index.php\/makeup\/#primaryimage\"},\"thumbnailUrl\":\"https:\/\/chloemakeupnails.fr\/wp-content\/uploads\/2025\/07\/photo-rubrique-makeup.jpeg\",\"datePublished\":\"2025-06-19T18:15:07+00:00\",\"dateModified\":\"2026-03-16T12:46:46+00:00\",\"breadcrumb\":{\"@id\":\"https:\/\/chloemakeupnails.fr\/index.php\/makeup\/#breadcrumb\"},\"inLanguage\":\"fr-FR\",\"potentialAction\":[{\"@type\":\"ReadAction\",\"target\":[\"https:\/\/chloemakeupnails.fr\/index.php\/makeup\/\"]}]},{\"@type\":\"ImageObject\",\"inLanguage\":\"fr-FR\",\"@id\":\"https:\/\/chloemakeupnails.fr\/index.php\/makeup\/#primaryimage\",\"url\":\"https:\/\/chloemakeupnails.fr\/wp-content\/uploads\/2025\/07\/photo-rubrique-makeup.jpeg\",\"contentUrl\":\"https:\/\/chloemakeupnails.fr\/wp-content\/uploads\/2025\/07\/photo-rubrique-makeup.jpeg\",\"width\":640,\"height\":800,\"caption\":\"Makeup\"},{\"@type\":\"BreadcrumbList\",\"@id\":\"https:\/\/chloemakeupnails.fr\/index.php\/makeup\/#breadcrumb\",\"itemListElement\":[{\"@type\":\"ListItem\",\"position\":1,\"name\":\"Accueil\",\"item\":\"https:\/\/chloemakeupnails.fr\/\"},{\"@type\":\"ListItem\",\"position\":2,\"name\":\"Makeup\"}]},{\"@type\":\"WebSite\",\"@id\":\"https:\/\/chloemakeupnails.fr\/#website\",\"url\":\"https:\/\/chloemakeupnails.fr\/\",\"name\":\"Chlo\u00e9 Templeraud : Makeup & nails\",\"description\":\"Makeup and Nails, Mariage, TV, \u00c9v\u00e9nementiel, Tournage pour les Pays-de-la-Loire et l&#039;\u00cele-de-France\",\"publisher\":{\"@id\":\"https:\/\/chloemakeupnails.fr\/#\/schema\/person\/1d85045a0541b6cf16480280d2184154\"},\"potentialAction\":[{\"@type\":\"SearchAction\",\"target\":{\"@type\":\"EntryPoint\",\"urlTemplate\":\"https:\/\/chloemakeupnails.fr\/?s={search_term_string}\"},\"query-input\":{\"@type\":\"PropertyValueSpecification\",\"valueRequired\":true,\"valueName\":\"search_term_string\"}}],\"inLanguage\":\"fr-FR\"},{\"@type\":[\"Person\",\"Organization\"],\"@id\":\"https:\/\/chloemakeupnails.fr\/#\/schema\/person\/1d85045a0541b6cf16480280d2184154\",\"name\":\"Chlo\u00e9 Templeraud\",\"image\":{\"@type\":\"ImageObject\",\"inLanguage\":\"fr-FR\",\"@id\":\"https:\/\/chloemakeupnails.fr\/#\/schema\/person\/image\/\",\"url\":\"https:\/\/chloemakeupnails.fr\/wp-content\/uploads\/2025\/08\/cropped-chloetempleraud-selfie-edited.jpg\",\"contentUrl\":\"https:\/\/chloemakeupnails.fr\/wp-content\/uploads\/2025\/08\/cropped-chloetempleraud-selfie-edited.jpg\",\"width\":512,\"height\":512,\"caption\":\"Chlo\u00e9 Templeraud\"},\"logo\":{\"@id\":\"https:\/\/chloemakeupnails.fr\/#\/schema\/person\/image\/\"},\"sameAs\":[\"http:\/\/chloemakeupnails.fr\",\"https:\/\/www.facebook.com\/profile.php?id=100020779029136\",\"https:\/\/www.instagram.com\/chloemakeup_nails\/\"]}]}<\/script>\n<!-- \/ Yoast SEO plugin. -->","yoast_head_json":{"title":"Makeup - Chlo\u00e9 Templeraud : Makeup &amp; nails","robots":{"index":"index","follow":"follow","max-snippet":"max-snippet:-1","max-image-preview":"max-image-preview:large","max-video-preview":"max-video-preview:-1"},"canonical":"https:\/\/chloemakeupnails.fr\/index.php\/makeup\/","og_locale":"fr_FR","og_type":"article","og_title":"Makeup - Chlo\u00e9 Templeraud : Makeup &amp; nails","og_description":"Mes prestations de maquillage pour toutes occasions D\u00e9couvrez ma gamme de services de maquillage adapt\u00e9e \u00e0 chaque \u00e9v\u00e9nement, du maquillage naturel pour le quotidien aux looks sophistiqu\u00e9s pour les \u00e9v\u00e9nements sp\u00e9ciaux. Je vous propose des techniques personnalis\u00e9es pour sublimer votre beaut\u00e9. Voici mes diff\u00e9rentes prestations de makeup: Mariage: Ev\u00e8nements et shootings: Professionnel: Cours: Les tarifs [&hellip;]","og_url":"https:\/\/chloemakeupnails.fr\/index.php\/makeup\/","og_site_name":"Chlo\u00e9 Templeraud : Makeup &amp; nails","article_publisher":"https:\/\/www.facebook.com\/profile.php?id=100020779029136","article_modified_time":"2026-03-16T12:46:46+00:00","og_image":[{"width":640,"height":800,"url":"https:\/\/chloemakeupnails.fr\/wp-content\/uploads\/2025\/07\/photo-rubrique-makeup.jpeg","type":"image\/jpeg"}],"twitter_card":"summary_large_image","twitter_misc":{"Dur\u00e9e de lecture estim\u00e9e":"2 minutes"},"schema":{"@context":"https:\/\/schema.org","@graph":[{"@type":"WebPage","@id":"https:\/\/chloemakeupnails.fr\/index.php\/makeup\/","url":"https:\/\/chloemakeupnails.fr\/index.php\/makeup\/","name":"Makeup - Chlo\u00e9 Templeraud : Makeup &amp; nails","isPartOf":{"@id":"https:\/\/chloemakeupnails.fr\/#website"},"primaryImageOfPage":{"@id":"https:\/\/chloemakeupnails.fr\/index.php\/makeup\/#primaryimage"},"image":{"@id":"https:\/\/chloemakeupnails.fr\/index.php\/makeup\/#primaryimage"},"thumbnailUrl":"https:\/\/chloemakeupnails.fr\/wp-content\/uploads\/2025\/07\/photo-rubrique-makeup.jpeg","datePublished":"2025-06-19T18:15:07+00:00","dateModified":"2026-03-16T12:46:46+00:00","breadcrumb":{"@id":"https:\/\/chloemakeupnails.fr\/index.php\/makeup\/#breadcrumb"},"inLanguage":"fr-FR","potentialAction":[{"@type":"ReadAction","target":["https:\/\/chloemakeupnails.fr\/index.php\/makeup\/"]}]},{"@type":"ImageObject","inLanguage":"fr-FR","@id":"https:\/\/chloemakeupnails.fr\/index.php\/makeup\/#primaryimage","url":"https:\/\/chloemakeupnails.fr\/wp-content\/uploads\/2025\/07\/photo-rubrique-makeup.jpeg","contentUrl":"https:\/\/chloemakeupnails.fr\/wp-content\/uploads\/2025\/07\/photo-rubrique-makeup.jpeg","width":640,"height":800,"caption":"Makeup"},{"@type":"BreadcrumbList","@id":"https:\/\/chloemakeupnails.fr\/index.php\/makeup\/#breadcrumb","itemListElement":[{"@type":"ListItem","position":1,"name":"Accueil","item":"https:\/\/chloemakeupnails.fr\/"},{"@type":"ListItem","position":2,"name":"Makeup"}]},{"@type":"WebSite","@id":"https:\/\/chloemakeupnails.fr\/#website","url":"https:\/\/chloemakeupnails.fr\/","name":"Chlo\u00e9 Templeraud : Makeup & nails","description":"Makeup and Nails, Mariage, TV, \u00c9v\u00e9nementiel, Tournage pour les Pays-de-la-Loire et l&#039;\u00cele-de-France","publisher":{"@id":"https:\/\/chloemakeupnails.fr\/#\/schema\/person\/1d85045a0541b6cf16480280d2184154"},"potentialAction":[{"@type":"SearchAction","target":{"@type":"EntryPoint","urlTemplate":"https:\/\/chloemakeupnails.fr\/?s={search_term_string}"},"query-input":{"@type":"PropertyValueSpecification","valueRequired":true,"valueName":"search_term_string"}}],"inLanguage":"fr-FR"},{"@type":["Person","Organization"],"@id":"https:\/\/chloemakeupnails.fr\/#\/schema\/person\/1d85045a0541b6cf16480280d2184154","name":"Chlo\u00e9 Templeraud","image":{"@type":"ImageObject","inLanguage":"fr-FR","@id":"https:\/\/chloemakeupnails.fr\/#\/schema\/person\/image\/","url":"https:\/\/chloemakeupnails.fr\/wp-content\/uploads\/2025\/08\/cropped-chloetempleraud-selfie-edited.jpg","contentUrl":"https:\/\/chloemakeupnails.fr\/wp-content\/uploads\/2025\/08\/cropped-chloetempleraud-selfie-edited.jpg","width":512,"height":512,"caption":"Chlo\u00e9 Templeraud"},"logo":{"@id":"https:\/\/chloemakeupnails.fr\/#\/schema\/person\/image\/"},"sameAs":["http:\/\/chloemakeupnails.fr","https:\/\/www.facebook.com\/profile.php?id=100020779029136","https:\/\/www.instagram.com\/chloemakeup_nails\/"]}]}},"_links":{"self":[{"href":"https:\/\/chloemakeupnails.fr\/index.php\/wp-json\/wp\/v2\/pages\/15","targetHints":{"allow":["GET"]}}],"collection":[{"href":"https:\/\/chloemakeupnails.fr\/index.php\/wp-json\/wp\/v2\/pages"}],"about":[{"href":"https:\/\/chloemakeupnails.fr\/index.php\/wp-json\/wp\/v2\/types\/page"}],"author":[{"embeddable":true,"href":"https:\/\/chloemakeupnails.fr\/index.php\/wp-json\/wp\/v2\/users\/1"}],"replies":[{"embeddable":true,"href":"https:\/\/chloemakeupnails.fr\/index.php\/wp-json\/wp\/v2\/comments?post=15"}],"version-history":[{"count":27,"href":"https:\/\/chloemakeupnails.fr\/index.php\/wp-json\/wp\/v2\/pages\/15\/revisions"}],"predecessor-version":[{"id":485,"href":"https:\/\/chloemakeupnails.fr\/index.php\/wp-json\/wp\/v2\/pages\/15\/revisions\/485"}],"wp:featuredmedia":[{"embeddable":true,"href":"https:\/\/chloemakeupnails.fr\/index.php\/wp-json\/wp\/v2\/media\/104"}],"wp:attachment":[{"href":"https:\/\/chloemakeupnails.fr\/index.php\/wp-json\/wp\/v2\/media?parent=15"}],"curies":[{"name":"wp","href":"https:\/\/api.w.org\/{rel}","templated":true}]}}